{"id":987511636,"date":"2022-11-09T15:37:23","date_gmt":"2022-11-09T20:37:23","guid":{"rendered":"https:\/\/darpro.ca\/shop\/non%20class\u00e9\/darpro-81015-9pc-stubby-triple-square-bit-socket-set\/"},"modified":"2024-09-20T10:41:53","modified_gmt":"2024-09-20T14:41:53","slug":"darpro-9pc-douilles-a-chocs-carrees-triples-a-prise-3-8","status":"publish","type":"product","link":"https:\/\/darpro.ca\/fr\/darpro-9pc-douilles-a-chocs-carrees-triples-a-prise-3-8\/","title":{"rendered":"Darpro 81015 9pc Douilles \u00e0 chocs carr\u00e9es triples \u00e0 prise 3\/8"},"content":{"rendered":"<ul>\n<li>Grade de r\u00e9sistance aux chocs<\/li>\n<li>Les tailles comprennent: 1\/4 \u00ab&nbsp;Dr MT4 -6, M8.3 \/ 8&nbsp;\u00bb Dr MT10 &amp; M121\/2&nbsp;\u00bb Dr MT14, MT16, MT18 (inviolable).<\/li>\n<li>Comprend un rail de rangement.<\/li>\n<\/ul>\n","protected":false},"excerpt":{"rendered":"<p>Grade de r\u00e9sistance aux chocs Les tailles comprennent: 1\/4 \u00ab&nbsp;Dr MT4 -6, M8.3 \/ 8&nbsp;\u00bb Dr MT10 &amp; M121\/2&nbsp;\u00bb Dr MT14, MT16, MT18 (inviolable). Comprend un rail de rangement.<\/p>\n","protected":false},"featured_media":987510663,"comment_status":"open","ping_status":"closed","template":"","meta":{"_et_pb_use_builder":"","_et_pb_old_content":"","_et_gb_content_width":""},"product_brand":[],"product_cat":[161,162],"product_tag":[267],"class_list":{"0":"post-987511636","1":"product","2":"type-product","3":"status-publish","4":"has-post-thumbnail","6":"product_cat-ensemble-de-prises-triples-carrees","7":"product_cat-outils-dentrainement-et-prises-dimpact","8":"product_tag-outils-darpro-fr","10":"first","11":"instock","12":"taxable","13":"shipping-taxable","14":"product-type-simple"},"jetpack_sharing_enabled":true,"_links":{"self":[{"href":"https:\/\/darpro.ca\/fr\/wp-json\/wp\/v2\/product\/987511636","targetHints":{"allow":["GET"]}}],"collection":[{"href":"https:\/\/darpro.ca\/fr\/wp-json\/wp\/v2\/product"}],"about":[{"href":"https:\/\/darpro.ca\/fr\/wp-json\/wp\/v2\/types\/product"}],"replies":[{"embeddable":true,"href":"https:\/\/darpro.ca\/fr\/wp-json\/wp\/v2\/comments?post=987511636"}],"wp:featuredmedia":[{"embeddable":true,"href":"https:\/\/darpro.ca\/fr\/wp-json\/wp\/v2\/media\/987510663"}],"wp:attachment":[{"href":"https:\/\/darpro.ca\/fr\/wp-json\/wp\/v2\/media?parent=987511636"}],"wp:term":[{"taxonomy":"product_brand","embeddable":true,"href":"https:\/\/darpro.ca\/fr\/wp-json\/wp\/v2\/product_brand?post=987511636"},{"taxonomy":"product_cat","embeddable":true,"href":"https:\/\/darpro.ca\/fr\/wp-json\/wp\/v2\/product_cat?post=987511636"},{"taxonomy":"product_tag","embeddable":true,"href":"https:\/\/darpro.ca\/fr\/wp-json\/wp\/v2\/product_tag?post=987511636"}],"curies":[{"name":"wp","href":"https:\/\/api.w.org\/{rel}","templated":true}]}}