{"id":987511641,"date":"2022-11-09T16:01:09","date_gmt":"2022-11-09T21:01:09","guid":{"rendered":"https:\/\/darpro.ca\/shop\/non%20class\u00e9\/darpro-81056-1-4in-dr-wobble-socket-adaptateur\/"},"modified":"2024-09-20T10:42:31","modified_gmt":"2024-09-20T14:42:31","slug":"darpro-1-4in-dr-wobble-socket-adapter","status":"publish","type":"product","link":"https:\/\/darpro.ca\/fr\/darpro-1-4in-dr-wobble-socket-adapter\/","title":{"rendered":"Darpro 81056 Adaptateur de douille \u00e0 prise mobile 1\/4 verrouillable"},"content":{"rendered":"<ul>\n<li>Entra\u00eenement 1\/4 po<\/li>\n<li>2-3\/4 po longueur totale<\/li>\n<li>Vaciller<\/li>\n<li>Grade de r\u00e9sistance aux chocs<\/li>\n<li>Boule de d\u00e9tente pour une r\u00e9tention s\u00e9curis\u00e9e de la prise<\/li>\n<li>Permet d&rsquo;adapter les douilles aux perceuses et aux entra\u00eenements m\u00e9caniques.<\/li>\n<li>Bourret 1\/4 po<\/li>\n<\/ul>\n","protected":false},"excerpt":{"rendered":"<p>Entra\u00eenement 1\/4 po 2-3\/4 po longueur totale Vaciller Grade de r\u00e9sistance aux chocs Boule de d\u00e9tente pour une r\u00e9tention s\u00e9curis\u00e9e de la prise Permet d&rsquo;adapter les douilles aux perceuses et aux entra\u00eenements m\u00e9caniques. Bourret 1\/4 po<\/p>\n","protected":false},"featured_media":987510672,"comment_status":"open","ping_status":"closed","template":"","meta":{"_et_pb_use_builder":"","_et_pb_old_content":"","_et_gb_content_width":""},"product_brand":[],"product_cat":[168,169,166],"product_tag":[267],"class_list":{"0":"post-987511641","1":"product","2":"type-product","3":"status-publish","4":"has-post-thumbnail","6":"product_cat-adaptateur-de-prise-oscillante-impact","7":"product_cat-accessoires-pour-outils-electriques","8":"product_cat-sockets-bit-sockets-socket-adapters-fr","9":"product_tag-outils-darpro-fr","11":"first","12":"instock","13":"taxable","14":"shipping-taxable","15":"product-type-simple"},"jetpack_sharing_enabled":true,"_links":{"self":[{"href":"https:\/\/darpro.ca\/fr\/wp-json\/wp\/v2\/product\/987511641","targetHints":{"allow":["GET"]}}],"collection":[{"href":"https:\/\/darpro.ca\/fr\/wp-json\/wp\/v2\/product"}],"about":[{"href":"https:\/\/darpro.ca\/fr\/wp-json\/wp\/v2\/types\/product"}],"replies":[{"embeddable":true,"href":"https:\/\/darpro.ca\/fr\/wp-json\/wp\/v2\/comments?post=987511641"}],"wp:featuredmedia":[{"embeddable":true,"href":"https:\/\/darpro.ca\/fr\/wp-json\/wp\/v2\/media\/987510672"}],"wp:attachment":[{"href":"https:\/\/darpro.ca\/fr\/wp-json\/wp\/v2\/media?parent=987511641"}],"wp:term":[{"taxonomy":"product_brand","embeddable":true,"href":"https:\/\/darpro.ca\/fr\/wp-json\/wp\/v2\/product_brand?post=987511641"},{"taxonomy":"product_cat","embeddable":true,"href":"https:\/\/darpro.ca\/fr\/wp-json\/wp\/v2\/product_cat?post=987511641"},{"taxonomy":"product_tag","embeddable":true,"href":"https:\/\/darpro.ca\/fr\/wp-json\/wp\/v2\/product_tag?post=987511641"}],"curies":[{"name":"wp","href":"https:\/\/api.w.org\/{rel}","templated":true}]}}