{"id":987511645,"date":"2022-11-09T13:55:09","date_gmt":"2022-11-09T18:55:09","guid":{"rendered":"https:\/\/darpro.ca\/shop\/non%20class\u00e9\/darpro-81010-13pc-extra-long-tamper-resistant-star-key-set\/"},"modified":"2024-09-20T10:41:48","modified_gmt":"2024-09-20T14:41:48","slug":"darpro-13pc-cles-en-etoile-extra-longues-inviolables","status":"publish","type":"product","link":"https:\/\/darpro.ca\/fr\/darpro-13pc-cles-en-etoile-extra-longues-inviolables\/","title":{"rendered":"Darpro 81010 13pc Cl\u00e9s en \u00e9toile extra-longues inviolables"},"content":{"rendered":"<ul>\n<li>Contient: T6, T7, T8, T9, T10, T15, T20, T25, T27, T30, T40, T45 &amp; T50<\/li>\n<li>Conception extra longue pour un couple maximal.<\/li>\n<li>Pointes perc\u00e9es pour vis inviolables.<\/li>\n<li>Tailles grav\u00e9es au laser faciles \u00e0 lire.<\/li>\n<li>Alliage d&rsquo;acier S2<\/li>\n<\/ul>\n<p>* Finition textur\u00e9e pour une meilleure adh\u00e9rence en instance de brevet.<\/p>\n","protected":false},"excerpt":{"rendered":"<p>Contient: T6, T7, T8, T9, T10, T15, T20, T25, T27, T30, T40, T45 &amp; T50 Conception extra longue pour un couple maximal. Pointes perc\u00e9es pour vis inviolables. Tailles grav\u00e9es au laser faciles \u00e0 lire. Alliage d&rsquo;acier S2 * Finition textur\u00e9e pour une meilleure adh\u00e9rence en instance de brevet.<\/p>\n","protected":false},"featured_media":987512348,"comment_status":"open","ping_status":"closed","template":"","meta":{"_et_pb_use_builder":"","_et_pb_old_content":"","_et_gb_content_width":""},"product_brand":[],"product_cat":[164],"product_tag":[267],"class_list":{"0":"post-987511645","1":"product","2":"type-product","3":"status-publish","4":"has-post-thumbnail","6":"product_cat-jeu-de-cles","7":"product_tag-outils-darpro-fr","9":"first","10":"instock","11":"taxable","12":"shipping-taxable","13":"product-type-simple"},"jetpack_sharing_enabled":true,"_links":{"self":[{"href":"https:\/\/darpro.ca\/fr\/wp-json\/wp\/v2\/product\/987511645","targetHints":{"allow":["GET"]}}],"collection":[{"href":"https:\/\/darpro.ca\/fr\/wp-json\/wp\/v2\/product"}],"about":[{"href":"https:\/\/darpro.ca\/fr\/wp-json\/wp\/v2\/types\/product"}],"replies":[{"embeddable":true,"href":"https:\/\/darpro.ca\/fr\/wp-json\/wp\/v2\/comments?post=987511645"}],"wp:featuredmedia":[{"embeddable":true,"href":"https:\/\/darpro.ca\/fr\/wp-json\/wp\/v2\/media\/987512348"}],"wp:attachment":[{"href":"https:\/\/darpro.ca\/fr\/wp-json\/wp\/v2\/media?parent=987511645"}],"wp:term":[{"taxonomy":"product_brand","embeddable":true,"href":"https:\/\/darpro.ca\/fr\/wp-json\/wp\/v2\/product_brand?post=987511645"},{"taxonomy":"product_cat","embeddable":true,"href":"https:\/\/darpro.ca\/fr\/wp-json\/wp\/v2\/product_cat?post=987511645"},{"taxonomy":"product_tag","embeddable":true,"href":"https:\/\/darpro.ca\/fr\/wp-json\/wp\/v2\/product_tag?post=987511645"}],"curies":[{"name":"wp","href":"https:\/\/api.w.org\/{rel}","templated":true}]}}