{"id":987511646,"date":"2022-11-09T16:00:03","date_gmt":"2022-11-09T21:00:03","guid":{"rendered":"https:\/\/darpro.ca\/shop\/non%20class\u00e9\/darpro-81046-3-8-dr-x-1-4-impact-wobble-socket-adaptateur\/"},"modified":"2024-09-20T10:42:22","modified_gmt":"2024-09-20T14:42:22","slug":"darpro-3-8-dr-x-1-4-impact-wobble-socket-adapter","status":"publish","type":"product","link":"https:\/\/darpro.ca\/fr\/darpro-3-8-dr-x-1-4-impact-wobble-socket-adapter\/","title":{"rendered":"Darpro 81046 Adaptateur de douille \u00e0 prise mobile 3\/8 verrouillable"},"content":{"rendered":"<ul>\n<li>Entra\u00eenement 3\/8\u00a0\u00bb<\/li>\n<li>2-3\/4\u00a0\u00bb longueur totale<\/li>\n<li>Vaciller<\/li>\n<li>Grade de r\u00e9sistance aux chocs<\/li>\n<li>Boule de d\u00e9tente pour une r\u00e9tention s\u00e9curis\u00e9e de la prise<\/li>\n<li>Adapte les prises aux perceuses \u00e9lectriques et aux pilotes<\/li>\n<li>Bourret 1\/4\u00a0\u00bb<\/li>\n<\/ul>\n","protected":false},"excerpt":{"rendered":"<p>Entra\u00eenement 3\/8\u00a0\u00bb 2-3\/4\u00a0\u00bb longueur totale Vaciller Grade de r\u00e9sistance aux chocs Boule de d\u00e9tente pour une r\u00e9tention s\u00e9curis\u00e9e de la prise Adapte les prises aux perceuses \u00e9lectriques et aux pilotes Bourret 1\/4\u00a0\u00bb<\/p>\n","protected":false},"featured_media":987511023,"comment_status":"open","ping_status":"closed","template":"","meta":{"_et_pb_use_builder":"","_et_pb_old_content":"","_et_gb_content_width":""},"product_brand":[],"product_cat":[169,168],"product_tag":[267],"class_list":{"0":"post-987511646","1":"product","2":"type-product","3":"status-publish","4":"has-post-thumbnail","6":"product_cat-accessoires-pour-outils-electriques","7":"product_cat-adaptateur-de-prise-oscillante-impact","8":"product_tag-outils-darpro-fr","10":"first","11":"instock","12":"taxable","13":"shipping-taxable","14":"product-type-simple"},"jetpack_sharing_enabled":true,"_links":{"self":[{"href":"https:\/\/darpro.ca\/fr\/wp-json\/wp\/v2\/product\/987511646","targetHints":{"allow":["GET"]}}],"collection":[{"href":"https:\/\/darpro.ca\/fr\/wp-json\/wp\/v2\/product"}],"about":[{"href":"https:\/\/darpro.ca\/fr\/wp-json\/wp\/v2\/types\/product"}],"replies":[{"embeddable":true,"href":"https:\/\/darpro.ca\/fr\/wp-json\/wp\/v2\/comments?post=987511646"}],"wp:featuredmedia":[{"embeddable":true,"href":"https:\/\/darpro.ca\/fr\/wp-json\/wp\/v2\/media\/987511023"}],"wp:attachment":[{"href":"https:\/\/darpro.ca\/fr\/wp-json\/wp\/v2\/media?parent=987511646"}],"wp:term":[{"taxonomy":"product_brand","embeddable":true,"href":"https:\/\/darpro.ca\/fr\/wp-json\/wp\/v2\/product_brand?post=987511646"},{"taxonomy":"product_cat","embeddable":true,"href":"https:\/\/darpro.ca\/fr\/wp-json\/wp\/v2\/product_cat?post=987511646"},{"taxonomy":"product_tag","embeddable":true,"href":"https:\/\/darpro.ca\/fr\/wp-json\/wp\/v2\/product_tag?post=987511646"}],"curies":[{"name":"wp","href":"https:\/\/api.w.org\/{rel}","templated":true}]}}