{"id":987511662,"date":"2022-11-09T23:32:24","date_gmt":"2022-11-10T04:32:24","guid":{"rendered":"https:\/\/darpro.ca\/shop\/non%20class\u00e9\/darpro-12-81035-tournevis-a-cliquet-a-couple-eleve\/"},"modified":"2024-09-20T10:42:15","modified_gmt":"2024-09-20T14:42:15","slug":"darpro-12-tournevis-a-cliquet-a-couple-eleve","status":"publish","type":"product","link":"https:\/\/darpro.ca\/fr\/darpro-12-tournevis-a-cliquet-a-couple-eleve\/","title":{"rendered":"Darpro 81035 Tournevis \u00e0 cliquet \u00e0 couple \u00e9lev\u00e9 12 po"},"content":{"rendered":"<ul>\n<li>Couple \u00e9lev\u00e9 250 lb (35 kg\/m)<\/li>\n<li>Conception \u00e0 cliquet r\u00e9versible<\/li>\n<li>Support de tr\u00e9pan en acier inoxydable<\/li>\n<li>Stockage de bits pratique dans la poign\u00e9e<\/li>\n<li>Embouts en mat\u00e9riau S2<\/li>\n<li>Longueur totale: 12\u00a0\u00bb<\/li>\n<li>L\u2019ensemble comprend: (3) Phillips: #1, #2 et #3,(2) Fendue: 1\/4 \u00ab\u00a0et 9\/32\u00a0\u00bb\n<p>(2) \u00c9toile: T-15 &amp; T-20<\/p>\n<p>(3) Carr\u00e9 : SQ1, SQ2, SQ3<\/li>\n<\/ul>\n","protected":false},"excerpt":{"rendered":"<p>Couple \u00e9lev\u00e9 250 lb (35 kg\/m) Conception \u00e0 cliquet r\u00e9versible Support de tr\u00e9pan en acier inoxydable Stockage de bits pratique dans la poign\u00e9e Embouts en mat\u00e9riau S2 Longueur totale: 12\u00a0\u00bb L\u2019ensemble comprend: (3) Phillips: #1, #2 et #3,(2) Fendue: 1\/4 \u00ab\u00a0et 9\/32\u00a0\u00bb (2) \u00c9toile: T-15 &amp; T-20 (3) Carr\u00e9 : SQ1, SQ2, SQ3<\/p>\n","protected":false},"featured_media":987510701,"comment_status":"open","ping_status":"closed","template":"","meta":{"_et_pb_use_builder":"","_et_pb_old_content":"","_et_gb_content_width":""},"product_brand":[],"product_cat":[173,174],"product_tag":[267],"class_list":{"0":"post-987511662","1":"product","2":"type-product","3":"status-publish","4":"has-post-thumbnail","6":"product_cat-tournevis","7":"product_cat-tournevis-pilotes-et-ensembles-de-taillants","8":"product_tag-outils-darpro-fr","10":"first","11":"instock","12":"taxable","13":"shipping-taxable","14":"product-type-simple"},"jetpack_sharing_enabled":true,"_links":{"self":[{"href":"https:\/\/darpro.ca\/fr\/wp-json\/wp\/v2\/product\/987511662","targetHints":{"allow":["GET"]}}],"collection":[{"href":"https:\/\/darpro.ca\/fr\/wp-json\/wp\/v2\/product"}],"about":[{"href":"https:\/\/darpro.ca\/fr\/wp-json\/wp\/v2\/types\/product"}],"replies":[{"embeddable":true,"href":"https:\/\/darpro.ca\/fr\/wp-json\/wp\/v2\/comments?post=987511662"}],"wp:featuredmedia":[{"embeddable":true,"href":"https:\/\/darpro.ca\/fr\/wp-json\/wp\/v2\/media\/987510701"}],"wp:attachment":[{"href":"https:\/\/darpro.ca\/fr\/wp-json\/wp\/v2\/media?parent=987511662"}],"wp:term":[{"taxonomy":"product_brand","embeddable":true,"href":"https:\/\/darpro.ca\/fr\/wp-json\/wp\/v2\/product_brand?post=987511662"},{"taxonomy":"product_cat","embeddable":true,"href":"https:\/\/darpro.ca\/fr\/wp-json\/wp\/v2\/product_cat?post=987511662"},{"taxonomy":"product_tag","embeddable":true,"href":"https:\/\/darpro.ca\/fr\/wp-json\/wp\/v2\/product_tag?post=987511662"}],"curies":[{"name":"wp","href":"https:\/\/api.w.org\/{rel}","templated":true}]}}