{"id":987511663,"date":"2022-11-09T22:59:56","date_gmt":"2022-11-10T03:59:56","guid":{"rendered":"https:\/\/darpro.ca\/shop\/non%20class\u00e9\/darpro-81025-rachet-a-tete-scellee-1-4-dr-x-6\/"},"modified":"2024-09-20T10:42:10","modified_gmt":"2024-09-20T14:42:10","slug":"darpro-rochet-a-prise-1-4-x-6-po","status":"publish","type":"product","link":"https:\/\/darpro.ca\/fr\/darpro-rochet-a-prise-1-4-x-6-po\/","title":{"rendered":"Darpro 81025 Rochet \u00e0 prise 1\/4 x 6 po"},"content":{"rendered":"<ul>\n<li>Prise 1\/4 x 6 po<\/li>\n<li>Longueur totale: 6 po (154,4 mm)<\/li>\n<li>90 dents<\/li>\n<li>Balayage \u00e0 4 degr\u00e9s<\/li>\n<li>R\u00e9versible<\/li>\n<li>Poign\u00e9e en aluminium anodis\u00e9<\/li>\n<\/ul>\n","protected":false},"excerpt":{"rendered":"<p>Prise 1\/4 x 6 po Longueur totale: 6 po (154,4 mm) 90 dents Balayage \u00e0 4 degr\u00e9s R\u00e9versible Poign\u00e9e en aluminium anodis\u00e9<\/p>\n","protected":false},"featured_media":987510691,"comment_status":"open","ping_status":"closed","template":"","meta":{"_et_pb_use_builder":"","_et_pb_old_content":"","_et_gb_content_width":""},"product_brand":[],"product_cat":[172],"product_tag":[267],"class_list":{"0":"post-987511663","1":"product","2":"type-product","3":"status-publish","4":"has-post-thumbnail","6":"product_cat-cliquets","7":"product_tag-outils-darpro-fr","9":"first","10":"instock","11":"taxable","12":"shipping-taxable","13":"product-type-simple"},"jetpack_sharing_enabled":true,"_links":{"self":[{"href":"https:\/\/darpro.ca\/fr\/wp-json\/wp\/v2\/product\/987511663","targetHints":{"allow":["GET"]}}],"collection":[{"href":"https:\/\/darpro.ca\/fr\/wp-json\/wp\/v2\/product"}],"about":[{"href":"https:\/\/darpro.ca\/fr\/wp-json\/wp\/v2\/types\/product"}],"replies":[{"embeddable":true,"href":"https:\/\/darpro.ca\/fr\/wp-json\/wp\/v2\/comments?post=987511663"}],"wp:featuredmedia":[{"embeddable":true,"href":"https:\/\/darpro.ca\/fr\/wp-json\/wp\/v2\/media\/987510691"}],"wp:attachment":[{"href":"https:\/\/darpro.ca\/fr\/wp-json\/wp\/v2\/media?parent=987511663"}],"wp:term":[{"taxonomy":"product_brand","embeddable":true,"href":"https:\/\/darpro.ca\/fr\/wp-json\/wp\/v2\/product_brand?post=987511663"},{"taxonomy":"product_cat","embeddable":true,"href":"https:\/\/darpro.ca\/fr\/wp-json\/wp\/v2\/product_cat?post=987511663"},{"taxonomy":"product_tag","embeddable":true,"href":"https:\/\/darpro.ca\/fr\/wp-json\/wp\/v2\/product_tag?post=987511663"}],"curies":[{"name":"wp","href":"https:\/\/api.w.org\/{rel}","templated":true}]}}