{"id":987511664,"date":"2022-11-09T13:52:42","date_gmt":"2022-11-09T18:52:42","guid":{"rendered":"https:\/\/darpro.ca\/shop\/non%20class\u00e9\/darpro-81009-9pc-mm-antiderapant-extra-long-hex-key-set\/"},"modified":"2024-09-20T10:41:47","modified_gmt":"2024-09-20T14:41:47","slug":"darpro-9pc-cles-hexagonales-metriques-extra-longues-antiderapantes","status":"publish","type":"product","link":"https:\/\/darpro.ca\/fr\/darpro-9pc-cles-hexagonales-metriques-extra-longues-antiderapantes\/","title":{"rendered":"Darpro 81009 9pc Cl\u00e9s hexagonales m\u00e9triques extra-longues antid\u00e9rapantes"},"content":{"rendered":"<ul>\n<li>Contient: 1.5, 2, 2.5, 3, 4, 5, 6, 8 et 10mm.<\/li>\n<li>Conception extra longue pour un couple maximal.<\/li>\n<li>Embouts arrondis pour endroit difficile d&rsquo;acc\u00e8s.<\/li>\n<li>Tailles grav\u00e9es au laser faciles \u00e0 lire.<\/li>\n<li>Alliage d&rsquo;acier S2<\/li>\n<\/ul>\n<p>* Finition textur\u00e9e pour une meilleure adh\u00e9rence en instance de brevet.<\/p>\n","protected":false},"excerpt":{"rendered":"<p>Contient: 1.5, 2, 2.5, 3, 4, 5, 6, 8 et 10mm. Conception extra longue pour un couple maximal. Embouts arrondis pour endroit difficile d&rsquo;acc\u00e8s. Tailles grav\u00e9es au laser faciles \u00e0 lire. Alliage d&rsquo;acier S2 * Finition textur\u00e9e pour une meilleure adh\u00e9rence en instance de brevet.<\/p>\n","protected":false},"featured_media":987510659,"comment_status":"open","ping_status":"closed","template":"","meta":{"_et_pb_use_builder":"","_et_pb_old_content":"","_et_gb_content_width":""},"product_brand":[],"product_cat":[164],"product_tag":[267],"class_list":{"0":"post-987511664","1":"product","2":"type-product","3":"status-publish","4":"has-post-thumbnail","6":"product_cat-jeu-de-cles","7":"product_tag-outils-darpro-fr","9":"first","10":"instock","11":"taxable","12":"shipping-taxable","13":"product-type-simple"},"jetpack_sharing_enabled":true,"_links":{"self":[{"href":"https:\/\/darpro.ca\/fr\/wp-json\/wp\/v2\/product\/987511664","targetHints":{"allow":["GET"]}}],"collection":[{"href":"https:\/\/darpro.ca\/fr\/wp-json\/wp\/v2\/product"}],"about":[{"href":"https:\/\/darpro.ca\/fr\/wp-json\/wp\/v2\/types\/product"}],"replies":[{"embeddable":true,"href":"https:\/\/darpro.ca\/fr\/wp-json\/wp\/v2\/comments?post=987511664"}],"wp:featuredmedia":[{"embeddable":true,"href":"https:\/\/darpro.ca\/fr\/wp-json\/wp\/v2\/media\/987510659"}],"wp:attachment":[{"href":"https:\/\/darpro.ca\/fr\/wp-json\/wp\/v2\/media?parent=987511664"}],"wp:term":[{"taxonomy":"product_brand","embeddable":true,"href":"https:\/\/darpro.ca\/fr\/wp-json\/wp\/v2\/product_brand?post=987511664"},{"taxonomy":"product_cat","embeddable":true,"href":"https:\/\/darpro.ca\/fr\/wp-json\/wp\/v2\/product_cat?post=987511664"},{"taxonomy":"product_tag","embeddable":true,"href":"https:\/\/darpro.ca\/fr\/wp-json\/wp\/v2\/product_tag?post=987511664"}],"curies":[{"name":"wp","href":"https:\/\/api.w.org\/{rel}","templated":true}]}}