{"id":987511666,"date":"2022-11-09T16:00:49","date_gmt":"2022-11-09T21:00:49","guid":{"rendered":"https:\/\/darpro.ca\/shop\/non%20class\u00e9\/darpro-81047-1-2-dr-x-1-4-impact-wobble-socket-adapter\/"},"modified":"2024-09-20T10:42:23","modified_gmt":"2024-09-20T14:42:23","slug":"darpro-adaptateur-de-douille-a-prise-mobile-1-2-x-1-4-po-verrouillable","status":"publish","type":"product","link":"https:\/\/darpro.ca\/fr\/darpro-adaptateur-de-douille-a-prise-mobile-1-2-x-1-4-po-verrouillable\/","title":{"rendered":"Darpro 81047 Adaptateur de douille \u00e0 prise mobile 1\/2 x 1\/4 po verrouillable"},"content":{"rendered":"<ul>\n<li>entra\u00eenement 1\/2 po<\/li>\n<li>Longueur totale: 2-3\/4 po<\/li>\n<li>\u00c0 prise mobile<\/li>\n<li>Grade de r\u00e9sistance aux chocs<\/li>\n<li>Boule de d\u00e9tente pour une r\u00e9tention s\u00e9curis\u00e9e de la prise<\/li>\n<li>Permet d&rsquo;adapter les douilles aux perceuses et aux entra\u00eenements m\u00e9caniques.<\/li>\n<li>Bourret 1\/4 po<\/li>\n<\/ul>\n","protected":false},"excerpt":{"rendered":"<p>entra\u00eenement 1\/2 po Longueur totale: 2-3\/4 po \u00c0 prise mobile Grade de r\u00e9sistance aux chocs Boule de d\u00e9tente pour une r\u00e9tention s\u00e9curis\u00e9e de la prise Permet d&rsquo;adapter les douilles aux perceuses et aux entra\u00eenements m\u00e9caniques. Bourret 1\/4 po<\/p>\n","protected":false},"featured_media":987510672,"comment_status":"open","ping_status":"closed","template":"","meta":{"_et_pb_use_builder":"","_et_pb_old_content":"","_et_gb_content_width":""},"product_brand":[],"product_cat":[169,168,166],"product_tag":[267],"class_list":{"0":"post-987511666","1":"product","2":"type-product","3":"status-publish","4":"has-post-thumbnail","6":"product_cat-accessoires-pour-outils-electriques","7":"product_cat-adaptateur-de-prise-oscillante-impact","8":"product_cat-sockets-bit-sockets-socket-adapters-fr","9":"product_tag-outils-darpro-fr","11":"first","12":"instock","13":"taxable","14":"shipping-taxable","15":"product-type-simple"},"jetpack_sharing_enabled":true,"_links":{"self":[{"href":"https:\/\/darpro.ca\/fr\/wp-json\/wp\/v2\/product\/987511666","targetHints":{"allow":["GET"]}}],"collection":[{"href":"https:\/\/darpro.ca\/fr\/wp-json\/wp\/v2\/product"}],"about":[{"href":"https:\/\/darpro.ca\/fr\/wp-json\/wp\/v2\/types\/product"}],"replies":[{"embeddable":true,"href":"https:\/\/darpro.ca\/fr\/wp-json\/wp\/v2\/comments?post=987511666"}],"wp:featuredmedia":[{"embeddable":true,"href":"https:\/\/darpro.ca\/fr\/wp-json\/wp\/v2\/media\/987510672"}],"wp:attachment":[{"href":"https:\/\/darpro.ca\/fr\/wp-json\/wp\/v2\/media?parent=987511666"}],"wp:term":[{"taxonomy":"product_brand","embeddable":true,"href":"https:\/\/darpro.ca\/fr\/wp-json\/wp\/v2\/product_brand?post=987511666"},{"taxonomy":"product_cat","embeddable":true,"href":"https:\/\/darpro.ca\/fr\/wp-json\/wp\/v2\/product_cat?post=987511666"},{"taxonomy":"product_tag","embeddable":true,"href":"https:\/\/darpro.ca\/fr\/wp-json\/wp\/v2\/product_tag?post=987511666"}],"curies":[{"name":"wp","href":"https:\/\/api.w.org\/{rel}","templated":true}]}}