{"id":987511668,"date":"2022-11-09T16:12:14","date_gmt":"2022-11-09T21:12:14","guid":{"rendered":"https:\/\/darpro.ca\/shop\/non%20class\u00e9\/darpro-81043-148pc-master-security-bit-set\/"},"modified":"2024-09-20T10:42:19","modified_gmt":"2024-09-20T14:42:19","slug":"darpro-148pc-embouts-de-securite","status":"publish","type":"product","link":"https:\/\/darpro.ca\/fr\/darpro-148pc-embouts-de-securite\/","title":{"rendered":"Darpro 81043 148pc Ensemble d&#8217;embouts de s\u00e9curit\u00e9"},"content":{"rendered":"<ul>\n<li>Ensemble d&#8217;embouts de 148 pi\u00e8ces les plus populaires et les plus difficiles \u00e0 trouver pour de nombreuses applications diff\u00e9rentes<\/li>\n<li>Contient Phillips, Slotted, Square, Star. Pozi, SAE Hex, Metric Hex, Tamper Resistant Star, Tamper Resistant HEX, Embrayage, Spline, Cl\u00e9, Tri-Wing et Quad-Wing Drive bits<\/li>\n<li>Comprend un support d&#8217;embouts magn\u00e9tique de 3 1\/2 po, un support d&#8217;embouts \u00e0 d\u00e9gagement rapide et un adaptateur de prise 1\/4 po<\/li>\n<li>\u00c9tui de rangement moul\u00e9 par injection<\/li>\n<\/ul>\n","protected":false},"excerpt":{"rendered":"<p>Ensemble d&#8217;embouts de 148 pi\u00e8ces les plus populaires et les plus difficiles \u00e0 trouver pour de nombreuses applications diff\u00e9rentes Contient Phillips, Slotted, Square, Star. Pozi, SAE Hex, Metric Hex, Tamper Resistant Star, Tamper Resistant HEX, Embrayage, Spline, Cl\u00e9, Tri-Wing et Quad-Wing Drive bits Comprend un support d&#8217;embouts magn\u00e9tique de 3 1\/2 po, un support d&#8217;embouts [&hellip;]<\/p>\n","protected":false},"featured_media":987510673,"comment_status":"open","ping_status":"closed","template":"","meta":{"_et_pb_use_builder":"","_et_pb_old_content":"","_et_gb_content_width":""},"product_brand":[],"product_cat":[176,169],"product_tag":[267],"class_list":{"0":"post-987511668","1":"product","2":"type-product","3":"status-publish","4":"has-post-thumbnail","6":"product_cat-ensemble-de-bits-de-securite-principal","7":"product_cat-accessoires-pour-outils-electriques","8":"product_tag-outils-darpro-fr","10":"first","11":"instock","12":"taxable","13":"shipping-taxable","14":"product-type-simple"},"jetpack_sharing_enabled":true,"_links":{"self":[{"href":"https:\/\/darpro.ca\/fr\/wp-json\/wp\/v2\/product\/987511668","targetHints":{"allow":["GET"]}}],"collection":[{"href":"https:\/\/darpro.ca\/fr\/wp-json\/wp\/v2\/product"}],"about":[{"href":"https:\/\/darpro.ca\/fr\/wp-json\/wp\/v2\/types\/product"}],"replies":[{"embeddable":true,"href":"https:\/\/darpro.ca\/fr\/wp-json\/wp\/v2\/comments?post=987511668"}],"wp:featuredmedia":[{"embeddable":true,"href":"https:\/\/darpro.ca\/fr\/wp-json\/wp\/v2\/media\/987510673"}],"wp:attachment":[{"href":"https:\/\/darpro.ca\/fr\/wp-json\/wp\/v2\/media?parent=987511668"}],"wp:term":[{"taxonomy":"product_brand","embeddable":true,"href":"https:\/\/darpro.ca\/fr\/wp-json\/wp\/v2\/product_brand?post=987511668"},{"taxonomy":"product_cat","embeddable":true,"href":"https:\/\/darpro.ca\/fr\/wp-json\/wp\/v2\/product_cat?post=987511668"},{"taxonomy":"product_tag","embeddable":true,"href":"https:\/\/darpro.ca\/fr\/wp-json\/wp\/v2\/product_tag?post=987511668"}],"curies":[{"name":"wp","href":"https:\/\/api.w.org\/{rel}","templated":true}]}}