{"id":987511670,"date":"2022-11-10T08:02:53","date_gmt":"2022-11-10T13:02:53","guid":{"rendered":"https:\/\/darpro.ca\/shop\/non%20class\u00e9\/darpro-81020-grattoir-de-rasoir-polyvalent\/"},"modified":"2024-09-20T10:42:02","modified_gmt":"2024-09-20T14:42:02","slug":"darpro-multi-usage-rasoir-gratteur","status":"publish","type":"product","link":"https:\/\/darpro.ca\/fr\/darpro-multi-usage-rasoir-gratteur\/","title":{"rendered":"Darpro 81020 Grattoir multifonction"},"content":{"rendered":"<ul>\n<li>Id\u00e9al pour gratter les \u00e9tiquettes et les d\u00e9calcomanies du verre, des pare-brise, etc.<\/li>\n<li>Boule de d\u00e9tente pour une r\u00e9tention s\u00e9curis\u00e9e de la prise.<\/li>\n<li>Poign\u00e9e TPR confortable pour une adh\u00e9rence maximale.<\/li>\n<li>Comprend une lame de rasoir extra-robuste de .020\u00a0\u00bb &#8211; Plus de deux fois plus \u00e9paisse qu\u2019un rasoir standard.<\/li>\n<\/ul>\n","protected":false},"excerpt":{"rendered":"<p>Id\u00e9al pour gratter les \u00e9tiquettes et les d\u00e9calcomanies du verre, des pare-brise, etc. Boule de d\u00e9tente pour une r\u00e9tention s\u00e9curis\u00e9e de la prise. Poign\u00e9e TPR confortable pour une adh\u00e9rence maximale. Comprend une lame de rasoir extra-robuste de .020\u00a0\u00bb &#8211; Plus de deux fois plus \u00e9paisse qu\u2019un rasoir standard.<\/p>\n","protected":false},"featured_media":987510705,"comment_status":"open","ping_status":"closed","template":"","meta":{"_et_pb_use_builder":"","_et_pb_old_content":"","_et_gb_content_width":""},"product_brand":[],"product_cat":[177],"product_tag":[267],"class_list":{"0":"post-987511670","1":"product","2":"type-product","3":"status-publish","4":"has-post-thumbnail","6":"product_cat-grattoirs","7":"product_tag-outils-darpro-fr","9":"first","10":"instock","11":"taxable","12":"shipping-taxable","13":"product-type-simple"},"jetpack_sharing_enabled":true,"_links":{"self":[{"href":"https:\/\/darpro.ca\/fr\/wp-json\/wp\/v2\/product\/987511670","targetHints":{"allow":["GET"]}}],"collection":[{"href":"https:\/\/darpro.ca\/fr\/wp-json\/wp\/v2\/product"}],"about":[{"href":"https:\/\/darpro.ca\/fr\/wp-json\/wp\/v2\/types\/product"}],"replies":[{"embeddable":true,"href":"https:\/\/darpro.ca\/fr\/wp-json\/wp\/v2\/comments?post=987511670"}],"wp:featuredmedia":[{"embeddable":true,"href":"https:\/\/darpro.ca\/fr\/wp-json\/wp\/v2\/media\/987510705"}],"wp:attachment":[{"href":"https:\/\/darpro.ca\/fr\/wp-json\/wp\/v2\/media?parent=987511670"}],"wp:term":[{"taxonomy":"product_brand","embeddable":true,"href":"https:\/\/darpro.ca\/fr\/wp-json\/wp\/v2\/product_brand?post=987511670"},{"taxonomy":"product_cat","embeddable":true,"href":"https:\/\/darpro.ca\/fr\/wp-json\/wp\/v2\/product_cat?post=987511670"},{"taxonomy":"product_tag","embeddable":true,"href":"https:\/\/darpro.ca\/fr\/wp-json\/wp\/v2\/product_tag?post=987511670"}],"curies":[{"name":"wp","href":"https:\/\/api.w.org\/{rel}","templated":true}]}}