{"id":987511671,"date":"2022-11-09T22:58:51","date_gmt":"2022-11-10T03:58:51","guid":{"rendered":"https:\/\/darpro.ca\/shop\/non%20class\u00e9\/darpro-81052-1-4-dr-x-1-4-hex-micro-cliquet\/"},"modified":"2024-09-20T10:42:27","modified_gmt":"2024-09-20T14:42:27","slug":"darpro-micro-rochet-hex-1-4-x-1-4-po","status":"publish","type":"product","link":"https:\/\/darpro.ca\/fr\/darpro-micro-rochet-hex-1-4-x-1-4-po\/","title":{"rendered":"Darpro 81052 Micro rochet hex \u00e0 prise 1\/4 x 1\/4 po"},"content":{"rendered":"<ul>\n<li>Double entra\u00eenement : rochet hex 1\/4 x 1\/4 po<\/li>\n<li>Inclus #2 Phillip Bit<\/li>\n<li>Id\u00e9al pour une utilisation dans les voitures de plus en plus compactes d\u2019aujourd\u2019hui<\/li>\n<li>Id\u00e9al pour les espaces confin\u00e9s sous le tableau de bord et le compartiment moteur<\/li>\n<li>Le vernis chrom\u00e9 aide \u00e0 pr\u00e9venir la corrosion et la rouille<\/li>\n<li>Construction de CRV<\/li>\n<li>Conception de t\u00eate d\u2019engrenage \u00e0 60 dents<\/li>\n<li>Longueur totale: 3 po<\/li>\n<\/ul>\n","protected":false},"excerpt":{"rendered":"<p>Double entra\u00eenement : rochet hex 1\/4 x 1\/4 po Inclus #2 Phillip Bit Id\u00e9al pour une utilisation dans les voitures de plus en plus compactes d\u2019aujourd\u2019hui Id\u00e9al pour les espaces confin\u00e9s sous le tableau de bord et le compartiment moteur Le vernis chrom\u00e9 aide \u00e0 pr\u00e9venir la corrosion et la rouille Construction de CRV Conception [&hellip;]<\/p>\n","protected":false},"featured_media":987510690,"comment_status":"open","ping_status":"closed","template":"","meta":{"_et_pb_use_builder":"","_et_pb_old_content":"","_et_gb_content_width":""},"product_brand":[],"product_cat":[178,172],"product_tag":[267],"class_list":{"0":"post-987511671","1":"product","2":"type-product","3":"status-publish","4":"has-post-thumbnail","6":"product_cat-micro-cliquet","7":"product_cat-cliquets","8":"product_tag-outils-darpro-fr","10":"first","11":"instock","12":"taxable","13":"shipping-taxable","14":"product-type-simple"},"jetpack_sharing_enabled":true,"_links":{"self":[{"href":"https:\/\/darpro.ca\/fr\/wp-json\/wp\/v2\/product\/987511671","targetHints":{"allow":["GET"]}}],"collection":[{"href":"https:\/\/darpro.ca\/fr\/wp-json\/wp\/v2\/product"}],"about":[{"href":"https:\/\/darpro.ca\/fr\/wp-json\/wp\/v2\/types\/product"}],"replies":[{"embeddable":true,"href":"https:\/\/darpro.ca\/fr\/wp-json\/wp\/v2\/comments?post=987511671"}],"wp:featuredmedia":[{"embeddable":true,"href":"https:\/\/darpro.ca\/fr\/wp-json\/wp\/v2\/media\/987510690"}],"wp:attachment":[{"href":"https:\/\/darpro.ca\/fr\/wp-json\/wp\/v2\/media?parent=987511671"}],"wp:term":[{"taxonomy":"product_brand","embeddable":true,"href":"https:\/\/darpro.ca\/fr\/wp-json\/wp\/v2\/product_brand?post=987511671"},{"taxonomy":"product_cat","embeddable":true,"href":"https:\/\/darpro.ca\/fr\/wp-json\/wp\/v2\/product_cat?post=987511671"},{"taxonomy":"product_tag","embeddable":true,"href":"https:\/\/darpro.ca\/fr\/wp-json\/wp\/v2\/product_tag?post=987511671"}],"curies":[{"name":"wp","href":"https:\/\/api.w.org\/{rel}","templated":true}]}}