{"id":987511677,"date":"2022-11-09T23:24:29","date_gmt":"2022-11-10T04:24:29","guid":{"rendered":"https:\/\/darpro.ca\/shop\/non%20class\u00e9\/darpro-81054-rachet-flex-head-scelle-3-8-dr-x-10\/"},"modified":"2024-09-20T10:42:29","modified_gmt":"2024-09-20T14:42:29","slug":"darpro-sealed-flex-head-rachet-3-8-dr-x-10","status":"publish","type":"product","link":"https:\/\/darpro.ca\/fr\/darpro-sealed-flex-head-rachet-3-8-dr-x-10\/","title":{"rendered":"Darpro 81054 Rochet \u00e0 t\u00eate pivotante prise 3\/8 x 10 po 90 dents"},"content":{"rendered":"<ul>\n<li>Prise 3\/8\u00a0 x 10 po<\/li>\n<li>Balayage \u00e0 4 degr\u00e9s<\/li>\n<li>R\u00e9versible<\/li>\n<li>Poign\u00e9e en aluminium anodis\u00e9<\/li>\n<\/ul>\n","protected":false},"excerpt":{"rendered":"<p>Prise 3\/8\u00a0 x 10 po Balayage \u00e0 4 degr\u00e9s R\u00e9versible Poign\u00e9e en aluminium anodis\u00e9<\/p>\n","protected":false},"featured_media":987510699,"comment_status":"open","ping_status":"closed","template":"","meta":{"_et_pb_use_builder":"","_et_pb_old_content":"","_et_gb_content_width":""},"product_brand":[],"product_cat":[179,172],"product_tag":[267],"class_list":{"0":"post-987511677","1":"product","2":"type-product","3":"status-publish","4":"has-post-thumbnail","6":"product_cat-cliquet-a-tete-flexible","7":"product_cat-cliquets","8":"product_tag-outils-darpro-fr","10":"first","11":"instock","12":"taxable","13":"shipping-taxable","14":"product-type-simple"},"jetpack_sharing_enabled":true,"_links":{"self":[{"href":"https:\/\/darpro.ca\/fr\/wp-json\/wp\/v2\/product\/987511677","targetHints":{"allow":["GET"]}}],"collection":[{"href":"https:\/\/darpro.ca\/fr\/wp-json\/wp\/v2\/product"}],"about":[{"href":"https:\/\/darpro.ca\/fr\/wp-json\/wp\/v2\/types\/product"}],"replies":[{"embeddable":true,"href":"https:\/\/darpro.ca\/fr\/wp-json\/wp\/v2\/comments?post=987511677"}],"wp:featuredmedia":[{"embeddable":true,"href":"https:\/\/darpro.ca\/fr\/wp-json\/wp\/v2\/media\/987510699"}],"wp:attachment":[{"href":"https:\/\/darpro.ca\/fr\/wp-json\/wp\/v2\/media?parent=987511677"}],"wp:term":[{"taxonomy":"product_brand","embeddable":true,"href":"https:\/\/darpro.ca\/fr\/wp-json\/wp\/v2\/product_brand?post=987511677"},{"taxonomy":"product_cat","embeddable":true,"href":"https:\/\/darpro.ca\/fr\/wp-json\/wp\/v2\/product_cat?post=987511677"},{"taxonomy":"product_tag","embeddable":true,"href":"https:\/\/darpro.ca\/fr\/wp-json\/wp\/v2\/product_tag?post=987511677"}],"curies":[{"name":"wp","href":"https:\/\/api.w.org\/{rel}","templated":true}]}}