{"id":987511680,"date":"2022-11-09T23:26:06","date_gmt":"2022-11-10T04:26:06","guid":{"rendered":"https:\/\/darpro.ca\/shop\/non%20class\u00e9\/darpro-81033-8pc-sae-ensemble-de-cles-a-entrainement-lateral\/"},"modified":"2024-09-20T10:42:12","modified_gmt":"2024-09-20T14:42:12","slug":"darpro-8pc-sae-lateral-drive-wrench-set","status":"publish","type":"product","link":"https:\/\/darpro.ca\/fr\/darpro-8pc-sae-lateral-drive-wrench-set\/","title":{"rendered":"Darpro 81033 8pc Cl\u00e9s mixtes SAE"},"content":{"rendered":"<ul>\n<li>Conception ergonomique de la poign\u00e9e<\/li>\n<li>Dot\u00e9 d&rsquo;une extr\u00e9mit\u00e9 ouverte et d&rsquo;un embout ferm\u00e9 en position lat\u00e9rale<\/li>\n<li>Finition Chrome<\/li>\n<li>Les tailles incluent: 3\/4, 11\/16, 5\/8, 9\/16, 1\/2, 7\/16, 3\/8 et 5\/16\u00a0\u00bb<\/li>\n<\/ul>\n","protected":false},"excerpt":{"rendered":"<p>Conception ergonomique de la poign\u00e9e Dot\u00e9 d&rsquo;une extr\u00e9mit\u00e9 ouverte et d&rsquo;un embout ferm\u00e9 en position lat\u00e9rale Finition Chrome Les tailles incluent: 3\/4, 11\/16, 5\/8, 9\/16, 1\/2, 7\/16, 3\/8 et 5\/16\u00a0\u00bb<\/p>\n","protected":false},"featured_media":987510685,"comment_status":"open","ping_status":"closed","template":"","meta":{"_et_pb_use_builder":"","_et_pb_old_content":"","_et_gb_content_width":""},"product_brand":[],"product_cat":[181],"product_tag":[267],"class_list":{"0":"post-987511680","1":"product","2":"type-product","3":"status-publish","4":"has-post-thumbnail","6":"product_cat-ensemble-de-cles-a-entrainement-lateral","7":"product_tag-outils-darpro-fr","9":"first","10":"instock","11":"taxable","12":"shipping-taxable","13":"product-type-simple"},"jetpack_sharing_enabled":true,"_links":{"self":[{"href":"https:\/\/darpro.ca\/fr\/wp-json\/wp\/v2\/product\/987511680","targetHints":{"allow":["GET"]}}],"collection":[{"href":"https:\/\/darpro.ca\/fr\/wp-json\/wp\/v2\/product"}],"about":[{"href":"https:\/\/darpro.ca\/fr\/wp-json\/wp\/v2\/types\/product"}],"replies":[{"embeddable":true,"href":"https:\/\/darpro.ca\/fr\/wp-json\/wp\/v2\/comments?post=987511680"}],"wp:featuredmedia":[{"embeddable":true,"href":"https:\/\/darpro.ca\/fr\/wp-json\/wp\/v2\/media\/987510685"}],"wp:attachment":[{"href":"https:\/\/darpro.ca\/fr\/wp-json\/wp\/v2\/media?parent=987511680"}],"wp:term":[{"taxonomy":"product_brand","embeddable":true,"href":"https:\/\/darpro.ca\/fr\/wp-json\/wp\/v2\/product_brand?post=987511680"},{"taxonomy":"product_cat","embeddable":true,"href":"https:\/\/darpro.ca\/fr\/wp-json\/wp\/v2\/product_cat?post=987511680"},{"taxonomy":"product_tag","embeddable":true,"href":"https:\/\/darpro.ca\/fr\/wp-json\/wp\/v2\/product_tag?post=987511680"}],"curies":[{"name":"wp","href":"https:\/\/api.w.org\/{rel}","templated":true}]}}