{"id":987511685,"date":"2022-11-12T20:59:39","date_gmt":"2022-11-13T01:59:39","guid":{"rendered":"https:\/\/darpro.ca\/shop\/non%20class\u00e9\/darpro-81068-barre-de-levier-48-avec-capuchon-en-acier\/"},"modified":"2024-09-20T10:42:35","modified_gmt":"2024-09-20T14:42:35","slug":"darpro-48-pry-bar-with-steel-cap","status":"publish","type":"product","link":"https:\/\/darpro.ca\/fr\/darpro-48-pry-bar-with-steel-cap\/","title":{"rendered":"Darpro 81068 Barre-levier 48 po avec extr\u00e9mit\u00e9 prot\u00e9g\u00e9e"},"content":{"rendered":"<ul>\n<li>Avec poign\u00e9e TPR souple<\/li>\n<li>Extr\u00e9mit\u00e9 prot\u00e9g\u00e9e qui permet de frapper la barre-levier sans endommager la poign\u00e9e<\/li>\n<li>Longueur totale: 48 po<\/li>\n<\/ul>\n","protected":false},"excerpt":{"rendered":"<p>Avec poign\u00e9e TPR souple Extr\u00e9mit\u00e9 prot\u00e9g\u00e9e qui permet de frapper la barre-levier sans endommager la poign\u00e9e Longueur totale: 48 po<\/p>\n","protected":false},"featured_media":987510720,"comment_status":"open","ping_status":"closed","template":"","meta":{"_et_pb_use_builder":"","_et_pb_old_content":"","_et_gb_content_width":""},"product_brand":[],"product_cat":[180],"product_tag":[267],"class_list":{"0":"post-987511685","1":"product","2":"type-product","3":"status-publish","4":"has-post-thumbnail","6":"product_cat-barre-de-levier-avec-bouchon-en-acier","7":"product_tag-outils-darpro-fr","9":"first","10":"instock","11":"taxable","12":"shipping-taxable","13":"product-type-simple"},"jetpack_sharing_enabled":true,"_links":{"self":[{"href":"https:\/\/darpro.ca\/fr\/wp-json\/wp\/v2\/product\/987511685","targetHints":{"allow":["GET"]}}],"collection":[{"href":"https:\/\/darpro.ca\/fr\/wp-json\/wp\/v2\/product"}],"about":[{"href":"https:\/\/darpro.ca\/fr\/wp-json\/wp\/v2\/types\/product"}],"replies":[{"embeddable":true,"href":"https:\/\/darpro.ca\/fr\/wp-json\/wp\/v2\/comments?post=987511685"}],"wp:featuredmedia":[{"embeddable":true,"href":"https:\/\/darpro.ca\/fr\/wp-json\/wp\/v2\/media\/987510720"}],"wp:attachment":[{"href":"https:\/\/darpro.ca\/fr\/wp-json\/wp\/v2\/media?parent=987511685"}],"wp:term":[{"taxonomy":"product_brand","embeddable":true,"href":"https:\/\/darpro.ca\/fr\/wp-json\/wp\/v2\/product_brand?post=987511685"},{"taxonomy":"product_cat","embeddable":true,"href":"https:\/\/darpro.ca\/fr\/wp-json\/wp\/v2\/product_cat?post=987511685"},{"taxonomy":"product_tag","embeddable":true,"href":"https:\/\/darpro.ca\/fr\/wp-json\/wp\/v2\/product_tag?post=987511685"}],"curies":[{"name":"wp","href":"https:\/\/api.w.org\/{rel}","templated":true}]}}