{"id":987511687,"date":"2022-11-13T13:45:57","date_gmt":"2022-11-13T18:45:57","guid":{"rendered":"https:\/\/darpro.ca\/shop\/non%20class\u00e9\/titan-209-8-po-cle-de-construction-reglable\/"},"modified":"2024-09-20T10:38:41","modified_gmt":"2024-09-20T14:38:41","slug":"cle-a-molette-reglable-8-po","status":"publish","type":"product","link":"https:\/\/darpro.ca\/fr\/cle-a-molette-reglable-8-po\/","title":{"rendered":"Titan 209 Cl\u00e9 \u00e0 molette r\u00e9glable de 12 po"},"content":{"rendered":"<ul>\n<li>8 po Cl\u00e9 \u00e0 molette r\u00e9glable de 12 po<\/li>\n<li>Int\u00e9rieur: 6<\/li>\n<\/ul>\n","protected":false},"excerpt":{"rendered":"<p>8 po Cl\u00e9 \u00e0 molette r\u00e9glable de 12 po Int\u00e9rieur: 6<\/p>\n","protected":false},"featured_media":987510856,"comment_status":"open","ping_status":"closed","template":"","meta":{"_et_pb_use_builder":"","_et_pb_old_content":"","_et_gb_content_width":""},"product_brand":[],"product_cat":[184],"product_tag":[185],"class_list":{"0":"post-987511687","1":"product","2":"type-product","3":"status-publish","4":"has-post-thumbnail","6":"product_cat-cle-de-construction-reglable","7":"product_tag-outils-titan","9":"first","10":"instock","11":"sale","12":"taxable","13":"shipping-taxable","14":"purchasable","15":"product-type-simple"},"jetpack_sharing_enabled":true,"_links":{"self":[{"href":"https:\/\/darpro.ca\/fr\/wp-json\/wp\/v2\/product\/987511687","targetHints":{"allow":["GET"]}}],"collection":[{"href":"https:\/\/darpro.ca\/fr\/wp-json\/wp\/v2\/product"}],"about":[{"href":"https:\/\/darpro.ca\/fr\/wp-json\/wp\/v2\/types\/product"}],"replies":[{"embeddable":true,"href":"https:\/\/darpro.ca\/fr\/wp-json\/wp\/v2\/comments?post=987511687"}],"wp:featuredmedia":[{"embeddable":true,"href":"https:\/\/darpro.ca\/fr\/wp-json\/wp\/v2\/media\/987510856"}],"wp:attachment":[{"href":"https:\/\/darpro.ca\/fr\/wp-json\/wp\/v2\/media?parent=987511687"}],"wp:term":[{"taxonomy":"product_brand","embeddable":true,"href":"https:\/\/darpro.ca\/fr\/wp-json\/wp\/v2\/product_brand?post=987511687"},{"taxonomy":"product_cat","embeddable":true,"href":"https:\/\/darpro.ca\/fr\/wp-json\/wp\/v2\/product_cat?post=987511687"},{"taxonomy":"product_tag","embeddable":true,"href":"https:\/\/darpro.ca\/fr\/wp-json\/wp\/v2\/product_tag?post=987511687"}],"curies":[{"name":"wp","href":"https:\/\/api.w.org\/{rel}","templated":true}]}}