{"id":987511688,"date":"2022-11-13T13:49:59","date_gmt":"2022-11-13T18:49:59","guid":{"rendered":"https:\/\/darpro.ca\/shop\/non%20class\u00e9\/titan-216-12-po-cle-de-construction-reglable\/"},"modified":"2024-09-20T10:38:43","modified_gmt":"2024-09-20T14:38:43","slug":"cle-a-molette-reglable-12-po","status":"publish","type":"product","link":"https:\/\/darpro.ca\/fr\/cle-a-molette-reglable-12-po\/","title":{"rendered":"Titan 216 Cl\u00e9 \u00e0 molette r\u00e9glable de 12 po"},"content":{"rendered":"<p>12 po La cl\u00e9 Spud de construction r\u00e9glable offre une capacit\u00e9 de m\u00e2choire de 1-1\/2 pouces. La cl\u00e9 \u00e0 spud de construction r\u00e9glable est forg\u00e9e \u00e0 partir d\u2019un alliage d\u2019acier au chrome et au vanadium durable et a une finition noire industrielle r\u00e9sistante \u00e0 la corrosion. M\u00e2choires usin\u00e9es avec pr\u00e9cision et vis sans fin pour un r\u00e9glage en douceur et facile. \u00c9chelle de mesures grav\u00e9es au laser offrent un moyen rapide et facile d\u2019identifier les tailles de fixations. La poign\u00e9e effil\u00e9e facilite l\u2019alignement des trous de boulon et de rivet. Les cl\u00e9s Spud sont couramment utilis\u00e9es par les chaudronniers. Serruriers. monteurs de vapeur. et des tuyauteurs pour aligner les trous de connexion et serrer les \u00e9crous et les boulons.<\/p>\n","protected":false},"excerpt":{"rendered":"<p>12 po La cl\u00e9 Spud de construction r\u00e9glable offre une capacit\u00e9 de m\u00e2choire de 1-1\/2 pouces. La cl\u00e9 \u00e0 spud de construction r\u00e9glable est forg\u00e9e \u00e0 partir d\u2019un alliage d\u2019acier au chrome et au vanadium durable et a une finition noire industrielle r\u00e9sistante \u00e0 la corrosion. M\u00e2choires usin\u00e9es avec pr\u00e9cision et vis sans fin pour [&hellip;]<\/p>\n","protected":false},"featured_media":987510858,"comment_status":"open","ping_status":"closed","template":"","meta":{"_et_pb_use_builder":"","_et_pb_old_content":"","_et_gb_content_width":""},"product_brand":[],"product_cat":[184],"product_tag":[185],"class_list":{"0":"post-987511688","1":"product","2":"type-product","3":"status-publish","4":"has-post-thumbnail","6":"product_cat-cle-de-construction-reglable","7":"product_tag-outils-titan","9":"first","10":"instock","11":"taxable","12":"shipping-taxable","13":"product-type-simple"},"jetpack_sharing_enabled":true,"_links":{"self":[{"href":"https:\/\/darpro.ca\/fr\/wp-json\/wp\/v2\/product\/987511688","targetHints":{"allow":["GET"]}}],"collection":[{"href":"https:\/\/darpro.ca\/fr\/wp-json\/wp\/v2\/product"}],"about":[{"href":"https:\/\/darpro.ca\/fr\/wp-json\/wp\/v2\/types\/product"}],"replies":[{"embeddable":true,"href":"https:\/\/darpro.ca\/fr\/wp-json\/wp\/v2\/comments?post=987511688"}],"wp:featuredmedia":[{"embeddable":true,"href":"https:\/\/darpro.ca\/fr\/wp-json\/wp\/v2\/media\/987510858"}],"wp:attachment":[{"href":"https:\/\/darpro.ca\/fr\/wp-json\/wp\/v2\/media?parent=987511688"}],"wp:term":[{"taxonomy":"product_brand","embeddable":true,"href":"https:\/\/darpro.ca\/fr\/wp-json\/wp\/v2\/product_brand?post=987511688"},{"taxonomy":"product_cat","embeddable":true,"href":"https:\/\/darpro.ca\/fr\/wp-json\/wp\/v2\/product_cat?post=987511688"},{"taxonomy":"product_tag","embeddable":true,"href":"https:\/\/darpro.ca\/fr\/wp-json\/wp\/v2\/product_tag?post=987511688"}],"curies":[{"name":"wp","href":"https:\/\/api.w.org\/{rel}","templated":true}]}}