{"id":987511690,"date":"2022-11-13T13:50:39","date_gmt":"2022-11-13T18:50:39","guid":{"rendered":"https:\/\/darpro.ca\/shop\/non%20class\u00e9\/titan-10907-25-pi-dual-ruletm-sae-ruban-a-mesurer-mm\/"},"modified":"2024-09-20T10:38:44","modified_gmt":"2024-09-20T14:38:44","slug":"titan-ruban-a-mesurer-25-pi-sae-mm","status":"publish","type":"product","link":"https:\/\/darpro.ca\/fr\/titan-ruban-a-mesurer-25-pi-sae-mm\/","title":{"rendered":"Titan 10907 Ruban \u00e0 mesurer SAE\/MM de 25 pi"},"content":{"rendered":"<ul>\n<li>25 pi Ruban \u00e0 mesurer<sup>TM<\/sup> SAE \/ MM \u00e0 double r\u00e8gle<\/li>\n<li>Int\u00e9rieur: 6<\/li>\n<\/ul>\n","protected":false},"excerpt":{"rendered":"<p>25 pi Ruban \u00e0 mesurerTM SAE \/ MM \u00e0 double r\u00e8gle Int\u00e9rieur: 6<\/p>\n","protected":false},"featured_media":987510861,"comment_status":"open","ping_status":"closed","template":"","meta":{"_et_pb_use_builder":"","_et_pb_old_content":"","_et_gb_content_width":""},"product_brand":[],"product_cat":[188],"product_tag":[185],"class_list":{"0":"post-987511690","1":"product","2":"type-product","3":"status-publish","4":"has-post-thumbnail","6":"product_cat-metre-ruban","7":"product_tag-outils-titan","9":"first","10":"instock","11":"taxable","12":"shipping-taxable","13":"product-type-simple"},"jetpack_sharing_enabled":true,"_links":{"self":[{"href":"https:\/\/darpro.ca\/fr\/wp-json\/wp\/v2\/product\/987511690","targetHints":{"allow":["GET"]}}],"collection":[{"href":"https:\/\/darpro.ca\/fr\/wp-json\/wp\/v2\/product"}],"about":[{"href":"https:\/\/darpro.ca\/fr\/wp-json\/wp\/v2\/types\/product"}],"replies":[{"embeddable":true,"href":"https:\/\/darpro.ca\/fr\/wp-json\/wp\/v2\/comments?post=987511690"}],"wp:featuredmedia":[{"embeddable":true,"href":"https:\/\/darpro.ca\/fr\/wp-json\/wp\/v2\/media\/987510861"}],"wp:attachment":[{"href":"https:\/\/darpro.ca\/fr\/wp-json\/wp\/v2\/media?parent=987511690"}],"wp:term":[{"taxonomy":"product_brand","embeddable":true,"href":"https:\/\/darpro.ca\/fr\/wp-json\/wp\/v2\/product_brand?post=987511690"},{"taxonomy":"product_cat","embeddable":true,"href":"https:\/\/darpro.ca\/fr\/wp-json\/wp\/v2\/product_cat?post=987511690"},{"taxonomy":"product_tag","embeddable":true,"href":"https:\/\/darpro.ca\/fr\/wp-json\/wp\/v2\/product_tag?post=987511690"}],"curies":[{"name":"wp","href":"https:\/\/api.w.org\/{rel}","templated":true}]}}