{"id":987511694,"date":"2022-11-13T14:00:47","date_gmt":"2022-11-13T19:00:47","guid":{"rendered":"https:\/\/darpro.ca\/shop\/non%20class\u00e9\/titan-11660-miroir-dinspection-telescopique\/"},"modified":"2024-09-20T10:38:56","modified_gmt":"2024-09-20T14:38:56","slug":"titan-miroir-telescopique-inspection","status":"publish","type":"product","link":"https:\/\/darpro.ca\/fr\/titan-miroir-telescopique-inspection\/","title":{"rendered":"Titan 11160 Miroir t\u00e9l\u00e9scopique d&rsquo;inspection"},"content":{"rendered":"<ul>\n<li>Miroir de 1-1\/4 po de diam\u00e8tre<\/li>\n<li>Extensible de 6-1\/2 po \u00e0 19 po<\/li>\n<li>Joint \u00e0 rotule double angle pour une visualisation \u00e0 360 degr\u00e9s<\/li>\n<li>Prise confortable<\/li>\n<\/ul>\n","protected":false},"excerpt":{"rendered":"<p>Miroir de 1-1\/4 po de diam\u00e8tre Extensible de 6-1\/2 po \u00e0 19 po Joint \u00e0 rotule double angle pour une visualisation \u00e0 360 degr\u00e9s Prise confortable<\/p>\n","protected":false},"featured_media":987510870,"comment_status":"open","ping_status":"closed","template":"","meta":{"_et_pb_use_builder":"","_et_pb_old_content":"","_et_gb_content_width":""},"product_brand":[],"product_cat":[192,193],"product_tag":[185],"class_list":{"0":"post-987511694","1":"product","2":"type-product","3":"status-publish","4":"has-post-thumbnail","6":"product_cat-miroir-dinspection-telescopique","7":"product_cat-outils-dinspection-et-de-recuperation","8":"product_tag-outils-titan","10":"first","11":"outofstock","12":"taxable","13":"shipping-taxable","14":"product-type-simple"},"jetpack_sharing_enabled":true,"_links":{"self":[{"href":"https:\/\/darpro.ca\/fr\/wp-json\/wp\/v2\/product\/987511694","targetHints":{"allow":["GET"]}}],"collection":[{"href":"https:\/\/darpro.ca\/fr\/wp-json\/wp\/v2\/product"}],"about":[{"href":"https:\/\/darpro.ca\/fr\/wp-json\/wp\/v2\/types\/product"}],"replies":[{"embeddable":true,"href":"https:\/\/darpro.ca\/fr\/wp-json\/wp\/v2\/comments?post=987511694"}],"wp:featuredmedia":[{"embeddable":true,"href":"https:\/\/darpro.ca\/fr\/wp-json\/wp\/v2\/media\/987510870"}],"wp:attachment":[{"href":"https:\/\/darpro.ca\/fr\/wp-json\/wp\/v2\/media?parent=987511694"}],"wp:term":[{"taxonomy":"product_brand","embeddable":true,"href":"https:\/\/darpro.ca\/fr\/wp-json\/wp\/v2\/product_brand?post=987511694"},{"taxonomy":"product_cat","embeddable":true,"href":"https:\/\/darpro.ca\/fr\/wp-json\/wp\/v2\/product_cat?post=987511694"},{"taxonomy":"product_tag","embeddable":true,"href":"https:\/\/darpro.ca\/fr\/wp-json\/wp\/v2\/product_tag?post=987511694"}],"curies":[{"name":"wp","href":"https:\/\/api.w.org\/{rel}","templated":true}]}}