{"id":987511696,"date":"2022-11-09T16:03:05","date_gmt":"2022-11-09T21:03:05","guid":{"rendered":"https:\/\/darpro.ca\/shop\/non%20class\u00e9\/darpro-81066-3-8in-dr-3in-adaptateur-de-prise-de-verrouillage\/"},"modified":"2024-09-20T10:42:33","modified_gmt":"2024-09-20T14:42:33","slug":"3-8in-dr-3in-locking-socket-adapter","status":"publish","type":"product","link":"https:\/\/darpro.ca\/fr\/3-8in-dr-3in-locking-socket-adapter\/","title":{"rendered":"Darpro 81066 Adaptateur \u00e0 prise 3\/8 verrouillable de 3 po"},"content":{"rendered":"<ul>\n<li>Grade de r\u00e9sistance aux chocs.<\/li>\n<li>Boule de d\u00e9tente pour une r\u00e9tention s\u00e9curis\u00e9e de la prise.<\/li>\n<li>Adapte les prises aux perceuses \u00e9lectriques et aux pilotes.<\/li>\n<li>Comprend: 3\/8 \u00ab\u00a0Drive.<\/li>\n<li>Ins\u00e9rez dans la prise, verrouillez la prise en place, tirez vers l\u2019arri\u00e8re pour lib\u00e9rer.<\/li>\n<\/ul>\n","protected":false},"excerpt":{"rendered":"<p>Grade de r\u00e9sistance aux chocs. Boule de d\u00e9tente pour une r\u00e9tention s\u00e9curis\u00e9e de la prise. Adapte les prises aux perceuses \u00e9lectriques et aux pilotes. Comprend: 3\/8 \u00ab\u00a0Drive. Ins\u00e9rez dans la prise, verrouillez la prise en place, tirez vers l\u2019arri\u00e8re pour lib\u00e9rer.<\/p>\n","protected":false},"featured_media":987511024,"comment_status":"open","ping_status":"closed","template":"","meta":{"_et_pb_use_builder":"","_et_pb_old_content":"","_et_gb_content_width":""},"product_brand":[],"product_cat":[166],"product_tag":[267],"class_list":{"0":"post-987511696","1":"product","2":"type-product","3":"status-publish","4":"has-post-thumbnail","6":"product_cat-sockets-bit-sockets-socket-adapters-fr","7":"product_tag-outils-darpro-fr","9":"first","10":"instock","11":"taxable","12":"shipping-taxable","13":"product-type-simple"},"jetpack_sharing_enabled":true,"_links":{"self":[{"href":"https:\/\/darpro.ca\/fr\/wp-json\/wp\/v2\/product\/987511696","targetHints":{"allow":["GET"]}}],"collection":[{"href":"https:\/\/darpro.ca\/fr\/wp-json\/wp\/v2\/product"}],"about":[{"href":"https:\/\/darpro.ca\/fr\/wp-json\/wp\/v2\/types\/product"}],"replies":[{"embeddable":true,"href":"https:\/\/darpro.ca\/fr\/wp-json\/wp\/v2\/comments?post=987511696"}],"wp:featuredmedia":[{"embeddable":true,"href":"https:\/\/darpro.ca\/fr\/wp-json\/wp\/v2\/media\/987511024"}],"wp:attachment":[{"href":"https:\/\/darpro.ca\/fr\/wp-json\/wp\/v2\/media?parent=987511696"}],"wp:term":[{"taxonomy":"product_brand","embeddable":true,"href":"https:\/\/darpro.ca\/fr\/wp-json\/wp\/v2\/product_brand?post=987511696"},{"taxonomy":"product_cat","embeddable":true,"href":"https:\/\/darpro.ca\/fr\/wp-json\/wp\/v2\/product_cat?post=987511696"},{"taxonomy":"product_tag","embeddable":true,"href":"https:\/\/darpro.ca\/fr\/wp-json\/wp\/v2\/product_tag?post=987511696"}],"curies":[{"name":"wp","href":"https:\/\/api.w.org\/{rel}","templated":true}]}}