{"id":987511697,"date":"2022-11-13T14:02:38","date_gmt":"2022-11-13T19:02:38","guid":{"rendered":"https:\/\/darpro.ca\/shop\/non%20class\u00e9\/titan-11663-5-lb-outil-de-capteur-magnetique-telescopique\/"},"modified":"2024-09-20T10:39:11","modified_gmt":"2024-09-20T14:39:11","slug":"titan-outil-ramassage-telescopique-magnetique-5-lb","status":"publish","type":"product","link":"https:\/\/darpro.ca\/fr\/titan-outil-ramassage-telescopique-magnetique-5-lb\/","title":{"rendered":"Titan 11663 Outil de ramassage magn\u00e9tique t\u00e9lescopique 5lb"},"content":{"rendered":"<ul>\n<li>Puissant aimant de 5 lb avec c\u00f4t\u00e9s blind\u00e9s pour des ramassages pr\u00e9cis.<\/li>\n<li>Extensible de 6-1\/2 po \u00e0 33 po<\/li>\n<li>Id\u00e9al pour r\u00e9cup\u00e9rer des pi\u00e8ces, des fixations et des outils tomb\u00e9s<\/li>\n<li>Prise confortable<\/li>\n<\/ul>\n","protected":false},"excerpt":{"rendered":"<p>Puissant aimant de 5 lb avec c\u00f4t\u00e9s blind\u00e9s pour des ramassages pr\u00e9cis. Extensible de 6-1\/2 po \u00e0 33 po Id\u00e9al pour r\u00e9cup\u00e9rer des pi\u00e8ces, des fixations et des outils tomb\u00e9s Prise confortable<\/p>\n","protected":false},"featured_media":987510881,"comment_status":"open","ping_status":"closed","template":"","meta":{"_et_pb_use_builder":"","_et_pb_old_content":"","_et_gb_content_width":""},"product_brand":[],"product_cat":[194,193],"product_tag":[185],"class_list":{"0":"post-987511697","1":"product","2":"type-product","3":"status-publish","4":"has-post-thumbnail","6":"product_cat-outils-de-captage-magnetique-telescopique","7":"product_cat-outils-dinspection-et-de-recuperation","8":"product_tag-outils-titan","10":"first","11":"instock","12":"taxable","13":"shipping-taxable","14":"product-type-simple"},"jetpack_sharing_enabled":true,"_links":{"self":[{"href":"https:\/\/darpro.ca\/fr\/wp-json\/wp\/v2\/product\/987511697","targetHints":{"allow":["GET"]}}],"collection":[{"href":"https:\/\/darpro.ca\/fr\/wp-json\/wp\/v2\/product"}],"about":[{"href":"https:\/\/darpro.ca\/fr\/wp-json\/wp\/v2\/types\/product"}],"replies":[{"embeddable":true,"href":"https:\/\/darpro.ca\/fr\/wp-json\/wp\/v2\/comments?post=987511697"}],"wp:featuredmedia":[{"embeddable":true,"href":"https:\/\/darpro.ca\/fr\/wp-json\/wp\/v2\/media\/987510881"}],"wp:attachment":[{"href":"https:\/\/darpro.ca\/fr\/wp-json\/wp\/v2\/media?parent=987511697"}],"wp:term":[{"taxonomy":"product_brand","embeddable":true,"href":"https:\/\/darpro.ca\/fr\/wp-json\/wp\/v2\/product_brand?post=987511697"},{"taxonomy":"product_cat","embeddable":true,"href":"https:\/\/darpro.ca\/fr\/wp-json\/wp\/v2\/product_cat?post=987511697"},{"taxonomy":"product_tag","embeddable":true,"href":"https:\/\/darpro.ca\/fr\/wp-json\/wp\/v2\/product_tag?post=987511697"}],"curies":[{"name":"wp","href":"https:\/\/api.w.org\/{rel}","templated":true}]}}