{"id":987511702,"date":"2022-11-17T10:17:44","date_gmt":"2022-11-17T15:17:44","guid":{"rendered":"https:\/\/darpro.ca\/shop\/non%20class\u00e9\/titan-11491-1-8-po-a-1-3-8-po-coupe-tubes\/"},"modified":"2024-09-20T10:39:04","modified_gmt":"2024-09-20T14:39:04","slug":"titan-1-8-in-to-1-3-8-in-tube-cutter","status":"publish","type":"product","link":"https:\/\/darpro.ca\/fr\/titan-1-8-in-to-1-3-8-in-tube-cutter\/","title":{"rendered":"Titan 11491 1\/8 po \u00e0 1-3\/8 po. Coupe-tuyaux"},"content":{"rendered":"<ul class=\"a-unordered-list a-vertical a-spacing-\">\n<li><span class=\"a-list-item\">Le syst\u00e8me de suivi \u00e0 quatre rouleaux emp\u00eache le tuyau de fileter<\/span><\/li>\n<li><span class=\"a-list-item\">Le syst\u00e8me d\u2019alimentation \u00e0 but\u00e9e compl\u00e8te emp\u00eache les roues et les rouleaux d\u2019entrer en contact<\/span><\/li>\n<li><span class=\"a-list-item\">Changez les roues avec seulement un tournevis<\/span><\/li>\n<li><span class=\"a-list-item\">Coupe-tuyaux. 1\/8 po &#8211; 1-3\/8 po<\/span><\/li>\n<\/ul>\n<ul>\n<li>Int\u00e9rieur: 6<\/li>\n<\/ul>\n","protected":false},"excerpt":{"rendered":"<p>Le syst\u00e8me de suivi \u00e0 quatre rouleaux emp\u00eache le tuyau de fileter Le syst\u00e8me d\u2019alimentation \u00e0 but\u00e9e compl\u00e8te emp\u00eache les roues et les rouleaux d\u2019entrer en contact Changez les roues avec seulement un tournevis Coupe-tuyaux. 1\/8 po &#8211; 1-3\/8 po Int\u00e9rieur: 6<\/p>\n","protected":false},"featured_media":987510875,"comment_status":"open","ping_status":"closed","template":"","meta":{"_et_pb_use_builder":"","_et_pb_old_content":"","_et_gb_content_width":""},"product_brand":[],"product_cat":[191],"product_tag":[185],"class_list":{"0":"post-987511702","1":"product","2":"type-product","3":"status-publish","4":"has-post-thumbnail","6":"product_cat-coupe-tubes","7":"product_tag-outils-titan","9":"first","10":"instock","11":"taxable","12":"shipping-taxable","13":"product-type-simple"},"jetpack_sharing_enabled":true,"_links":{"self":[{"href":"https:\/\/darpro.ca\/fr\/wp-json\/wp\/v2\/product\/987511702","targetHints":{"allow":["GET"]}}],"collection":[{"href":"https:\/\/darpro.ca\/fr\/wp-json\/wp\/v2\/product"}],"about":[{"href":"https:\/\/darpro.ca\/fr\/wp-json\/wp\/v2\/types\/product"}],"replies":[{"embeddable":true,"href":"https:\/\/darpro.ca\/fr\/wp-json\/wp\/v2\/comments?post=987511702"}],"wp:featuredmedia":[{"embeddable":true,"href":"https:\/\/darpro.ca\/fr\/wp-json\/wp\/v2\/media\/987510875"}],"wp:attachment":[{"href":"https:\/\/darpro.ca\/fr\/wp-json\/wp\/v2\/media?parent=987511702"}],"wp:term":[{"taxonomy":"product_brand","embeddable":true,"href":"https:\/\/darpro.ca\/fr\/wp-json\/wp\/v2\/product_brand?post=987511702"},{"taxonomy":"product_cat","embeddable":true,"href":"https:\/\/darpro.ca\/fr\/wp-json\/wp\/v2\/product_cat?post=987511702"},{"taxonomy":"product_tag","embeddable":true,"href":"https:\/\/darpro.ca\/fr\/wp-json\/wp\/v2\/product_tag?post=987511702"}],"curies":[{"name":"wp","href":"https:\/\/api.w.org\/{rel}","templated":true}]}}