{"id":987511731,"date":"2022-11-17T11:14:51","date_gmt":"2022-11-17T16:14:51","guid":{"rendered":"https:\/\/darpro.ca\/shop\/non%20class\u00e9\/titan-17329-14-pc-12-pt-ensemble-de-cles-combinees-a-panneau-sureleve-sae\/"},"modified":"2024-09-20T10:40:15","modified_gmt":"2024-09-20T14:40:15","slug":"titan-14-pc-12-pt-sae-sureleve-panneau-combinaison-cle-ensemble","status":"publish","type":"product","link":"https:\/\/darpro.ca\/fr\/titan-14-pc-12-pt-sae-sureleve-panneau-combinaison-cle-ensemble\/","title":{"rendered":"Titan 17329 14 pc. 12 pt. Ensemble de cl\u00e9s combin\u00e9es \u00e0 panneau sur\u00e9lev\u00e9 SAE"},"content":{"rendered":"<ul>\n<li>Titan 14 pc. 12 pt. Ensemble de cl\u00e9s combin\u00e9es \u00e0 panneau sur\u00e9lev\u00e9 SAE<\/li>\n<li>Les tailles SAE incluaient:<\/li>\n<li>3\/8, 7\/16, 1\/2, 9\/16, 5\/8, 11\/16, 3\/4, 13\/16, 7\/8, 15\/16, 1, 1-1\/16, 1-1\/8 et 1-1\/4 po.<\/li>\n<li>Construit \u00e0 partir d\u2019acier au chrome-vanadium forg\u00e9 pour plus de r\u00e9sistance et de durabilit\u00e9<\/li>\n<li>Comprend une pochette de rangement r\u00e9utilisable<\/li>\n<li>Int\u00e9rieur: 1<\/li>\n<\/ul>\n","protected":false},"excerpt":{"rendered":"<p>Titan 14 pc. 12 pt. Ensemble de cl\u00e9s combin\u00e9es \u00e0 panneau sur\u00e9lev\u00e9 SAE Les tailles SAE incluaient: 3\/8, 7\/16, 1\/2, 9\/16, 5\/8, 11\/16, 3\/4, 13\/16, 7\/8, 15\/16, 1, 1-1\/16, 1-1\/8 et 1-1\/4 po. Construit \u00e0 partir d\u2019acier au chrome-vanadium forg\u00e9 pour plus de r\u00e9sistance et de durabilit\u00e9 Comprend une pochette de rangement r\u00e9utilisable Int\u00e9rieur: 1<\/p>\n","protected":false},"featured_media":987510933,"comment_status":"open","ping_status":"closed","template":"","meta":{"_et_pb_use_builder":"","_et_pb_old_content":"","_et_gb_content_width":""},"product_brand":[],"product_cat":[208],"product_tag":[185],"class_list":{"0":"post-987511731","1":"product","2":"type-product","3":"status-publish","4":"has-post-thumbnail","6":"product_cat-cle","7":"product_tag-outils-titan","9":"first","10":"instock","11":"taxable","12":"shipping-taxable","13":"product-type-simple"},"jetpack_sharing_enabled":true,"_links":{"self":[{"href":"https:\/\/darpro.ca\/fr\/wp-json\/wp\/v2\/product\/987511731","targetHints":{"allow":["GET"]}}],"collection":[{"href":"https:\/\/darpro.ca\/fr\/wp-json\/wp\/v2\/product"}],"about":[{"href":"https:\/\/darpro.ca\/fr\/wp-json\/wp\/v2\/types\/product"}],"replies":[{"embeddable":true,"href":"https:\/\/darpro.ca\/fr\/wp-json\/wp\/v2\/comments?post=987511731"}],"wp:featuredmedia":[{"embeddable":true,"href":"https:\/\/darpro.ca\/fr\/wp-json\/wp\/v2\/media\/987510933"}],"wp:attachment":[{"href":"https:\/\/darpro.ca\/fr\/wp-json\/wp\/v2\/media?parent=987511731"}],"wp:term":[{"taxonomy":"product_brand","embeddable":true,"href":"https:\/\/darpro.ca\/fr\/wp-json\/wp\/v2\/product_brand?post=987511731"},{"taxonomy":"product_cat","embeddable":true,"href":"https:\/\/darpro.ca\/fr\/wp-json\/wp\/v2\/product_cat?post=987511731"},{"taxonomy":"product_tag","embeddable":true,"href":"https:\/\/darpro.ca\/fr\/wp-json\/wp\/v2\/product_tag?post=987511731"}],"curies":[{"name":"wp","href":"https:\/\/api.w.org\/{rel}","templated":true}]}}