{"id":987511732,"date":"2022-11-17T11:00:34","date_gmt":"2022-11-17T16:00:34","guid":{"rendered":"https:\/\/darpro.ca\/shop\/non%20class\u00e9\/titan-16164-4pc-xzn-triple-carre-1-2-po-jeu-de-bits-de-lecteur\/"},"modified":"2024-09-20T10:39:57","modified_gmt":"2024-09-20T14:39:57","slug":"titan-4pc-xzn-embouts-triples-carres-prise-1-2-po","status":"publish","type":"product","link":"https:\/\/darpro.ca\/fr\/titan-4pc-xzn-embouts-triples-carres-prise-1-2-po\/","title":{"rendered":"Titan 16164 4pc XZN Embouts triples carr\u00e9s \u00e0 prise 1\/2 po"},"content":{"rendered":"<ul>\n<li>Titan 4pc XZN Embouts triples carr\u00e9s 1\/2 po. Jeu d&#8217;embouts<\/li>\n<li>Id\u00e9al pour travailler avec BMW, Mercedes, VW, Audi, Porsche et la plupart des autres v\u00e9hicules europ\u00e9ens<\/li>\n<li>Inclut: Tailles: M6, M8, M10 et M12<\/li>\n<li>Int\u00e9rieur: 6<\/li>\n<\/ul>\n","protected":false},"excerpt":{"rendered":"<p>Titan 4pc XZN Embouts triples carr\u00e9s 1\/2 po. Jeu d&#8217;embouts Id\u00e9al pour travailler avec BMW, Mercedes, VW, Audi, Porsche et la plupart des autres v\u00e9hicules europ\u00e9ens Inclut: Tailles: M6, M8, M10 et M12 Int\u00e9rieur: 6<\/p>\n","protected":false},"featured_media":987510920,"comment_status":"open","ping_status":"closed","template":"","meta":{"_et_pb_use_builder":"","_et_pb_old_content":"","_et_gb_content_width":""},"product_brand":[],"product_cat":[203],"product_tag":[185],"class_list":{"0":"post-987511732","1":"product","2":"type-product","3":"status-publish","4":"has-post-thumbnail","6":"product_cat-jeu-de-embouts","7":"product_tag-outils-titan","9":"first","10":"instock","11":"taxable","12":"shipping-taxable","13":"product-type-simple"},"jetpack_sharing_enabled":true,"_links":{"self":[{"href":"https:\/\/darpro.ca\/fr\/wp-json\/wp\/v2\/product\/987511732","targetHints":{"allow":["GET"]}}],"collection":[{"href":"https:\/\/darpro.ca\/fr\/wp-json\/wp\/v2\/product"}],"about":[{"href":"https:\/\/darpro.ca\/fr\/wp-json\/wp\/v2\/types\/product"}],"replies":[{"embeddable":true,"href":"https:\/\/darpro.ca\/fr\/wp-json\/wp\/v2\/comments?post=987511732"}],"wp:featuredmedia":[{"embeddable":true,"href":"https:\/\/darpro.ca\/fr\/wp-json\/wp\/v2\/media\/987510920"}],"wp:attachment":[{"href":"https:\/\/darpro.ca\/fr\/wp-json\/wp\/v2\/media?parent=987511732"}],"wp:term":[{"taxonomy":"product_brand","embeddable":true,"href":"https:\/\/darpro.ca\/fr\/wp-json\/wp\/v2\/product_brand?post=987511732"},{"taxonomy":"product_cat","embeddable":true,"href":"https:\/\/darpro.ca\/fr\/wp-json\/wp\/v2\/product_cat?post=987511732"},{"taxonomy":"product_tag","embeddable":true,"href":"https:\/\/darpro.ca\/fr\/wp-json\/wp\/v2\/product_tag?post=987511732"}],"curies":[{"name":"wp","href":"https:\/\/api.w.org\/{rel}","templated":true}]}}