{"id":987511733,"date":"2022-11-17T11:20:32","date_gmt":"2022-11-17T16:20:32","guid":{"rendered":"https:\/\/darpro.ca\/shop\/non%20class\u00e9\/titan-17330-16-pc-12-pt-ensemble-de-cles-a-combinaison-a-panneau-sureleve-metrique\/"},"modified":"2024-09-20T10:40:17","modified_gmt":"2024-09-20T14:40:17","slug":"titan-16-pc-12-pt-cles-combinees-metriques-panneau-sureleve","status":"publish","type":"product","link":"https:\/\/darpro.ca\/fr\/titan-16-pc-12-pt-cles-combinees-metriques-panneau-sureleve\/","title":{"rendered":"Titan 17330 16 pc. 12 pt. Ensemble de cl\u00e9s \u00e0 combin\u00e9es \u00e0 panneau sur\u00e9lev\u00e9 m\u00e9triques"},"content":{"rendered":"<ul>\n<li>Titan 16 pc. 12 pt. Ensemble de cl\u00e9s \u00e0 combinaison \u00e0 panneau sur\u00e9lev\u00e9 m\u00e9trique<\/li>\n<li>Les tailles m\u00e9triques incluaient :<\/li>\n<li>10, 11, 12, 13, 14, 15, 16, 17, 18, 19, 21, 22, 24, 25, 30 et 32 mm.<\/li>\n<li>Construit \u00e0 partir d\u2019acier au chrome-vanadium forg\u00e9 pour plus de r\u00e9sistance et de durabilit\u00e9<\/li>\n<li>Comprend une pochette de rangement r\u00e9utilisable<\/li>\n<li>Int\u00e9rieur: 1<\/li>\n<\/ul>\n","protected":false},"excerpt":{"rendered":"<p>Titan 16 pc. 12 pt. Ensemble de cl\u00e9s \u00e0 combinaison \u00e0 panneau sur\u00e9lev\u00e9 m\u00e9trique Les tailles m\u00e9triques incluaient : 10, 11, 12, 13, 14, 15, 16, 17, 18, 19, 21, 22, 24, 25, 30 et 32 mm. Construit \u00e0 partir d\u2019acier au chrome-vanadium forg\u00e9 pour plus de r\u00e9sistance et de durabilit\u00e9 Comprend une pochette de [&hellip;]<\/p>\n","protected":false},"featured_media":987510934,"comment_status":"open","ping_status":"closed","template":"","meta":{"_et_pb_use_builder":"","_et_pb_old_content":"","_et_gb_content_width":""},"product_brand":[],"product_cat":[208],"product_tag":[185],"class_list":{"0":"post-987511733","1":"product","2":"type-product","3":"status-publish","4":"has-post-thumbnail","6":"product_cat-cle","7":"product_tag-outils-titan","9":"first","10":"instock","11":"taxable","12":"shipping-taxable","13":"product-type-simple"},"jetpack_sharing_enabled":true,"_links":{"self":[{"href":"https:\/\/darpro.ca\/fr\/wp-json\/wp\/v2\/product\/987511733","targetHints":{"allow":["GET"]}}],"collection":[{"href":"https:\/\/darpro.ca\/fr\/wp-json\/wp\/v2\/product"}],"about":[{"href":"https:\/\/darpro.ca\/fr\/wp-json\/wp\/v2\/types\/product"}],"replies":[{"embeddable":true,"href":"https:\/\/darpro.ca\/fr\/wp-json\/wp\/v2\/comments?post=987511733"}],"wp:featuredmedia":[{"embeddable":true,"href":"https:\/\/darpro.ca\/fr\/wp-json\/wp\/v2\/media\/987510934"}],"wp:attachment":[{"href":"https:\/\/darpro.ca\/fr\/wp-json\/wp\/v2\/media?parent=987511733"}],"wp:term":[{"taxonomy":"product_brand","embeddable":true,"href":"https:\/\/darpro.ca\/fr\/wp-json\/wp\/v2\/product_brand?post=987511733"},{"taxonomy":"product_cat","embeddable":true,"href":"https:\/\/darpro.ca\/fr\/wp-json\/wp\/v2\/product_cat?post=987511733"},{"taxonomy":"product_tag","embeddable":true,"href":"https:\/\/darpro.ca\/fr\/wp-json\/wp\/v2\/product_tag?post=987511733"}],"curies":[{"name":"wp","href":"https:\/\/api.w.org\/{rel}","templated":true}]}}