{"id":987511736,"date":"2022-11-17T11:22:35","date_gmt":"2022-11-17T16:22:35","guid":{"rendered":"https:\/\/darpro.ca\/shop\/non%20class\u00e9\/titan-17373-7-pc-12-pt-ensemble-de-cles-a-combinaison-sae-stubby\/"},"modified":"2024-09-20T10:40:17","modified_gmt":"2024-09-20T14:40:17","slug":"titan-7-pc-12-pt-cles-combinees-courtes-sae","status":"publish","type":"product","link":"https:\/\/darpro.ca\/fr\/titan-7-pc-12-pt-cles-combinees-courtes-sae\/","title":{"rendered":"Titan 17373 7 pc. 12 pt. 7 pc cl\u00e9s combin\u00e9es courtes SAE"},"content":{"rendered":"<ul>\n<li>Titan 7 pc. 12 pt. Ensemble de cl\u00e9s \u00e0 combinaison SAE Stubby<\/li>\n<li>Comprend (7) cl\u00e9s \u00e0 combinaison SAE stubby 12 points<\/li>\n<li>Tailles: 3\/8, 7\/16, 1\/2, 9\/16, 5\/8, 11\/16 et 3\/4 in.<\/li>\n<li>Int\u00e9rieur: 6<\/li>\n<\/ul>\n","protected":false},"excerpt":{"rendered":"<p>Titan 7 pc. 12 pt. Ensemble de cl\u00e9s \u00e0 combinaison SAE Stubby Comprend (7) cl\u00e9s \u00e0 combinaison SAE stubby 12 points Tailles: 3\/8, 7\/16, 1\/2, 9\/16, 5\/8, 11\/16 et 3\/4 in. Int\u00e9rieur: 6<\/p>\n","protected":false},"featured_media":987510935,"comment_status":"open","ping_status":"closed","template":"","meta":{"_et_pb_use_builder":"","_et_pb_old_content":"","_et_gb_content_width":""},"product_brand":[],"product_cat":[208],"product_tag":[185],"class_list":{"0":"post-987511736","1":"product","2":"type-product","3":"status-publish","4":"has-post-thumbnail","6":"product_cat-cle","7":"product_tag-outils-titan","9":"first","10":"instock","11":"taxable","12":"shipping-taxable","13":"product-type-simple"},"jetpack_sharing_enabled":true,"_links":{"self":[{"href":"https:\/\/darpro.ca\/fr\/wp-json\/wp\/v2\/product\/987511736","targetHints":{"allow":["GET"]}}],"collection":[{"href":"https:\/\/darpro.ca\/fr\/wp-json\/wp\/v2\/product"}],"about":[{"href":"https:\/\/darpro.ca\/fr\/wp-json\/wp\/v2\/types\/product"}],"replies":[{"embeddable":true,"href":"https:\/\/darpro.ca\/fr\/wp-json\/wp\/v2\/comments?post=987511736"}],"wp:featuredmedia":[{"embeddable":true,"href":"https:\/\/darpro.ca\/fr\/wp-json\/wp\/v2\/media\/987510935"}],"wp:attachment":[{"href":"https:\/\/darpro.ca\/fr\/wp-json\/wp\/v2\/media?parent=987511736"}],"wp:term":[{"taxonomy":"product_brand","embeddable":true,"href":"https:\/\/darpro.ca\/fr\/wp-json\/wp\/v2\/product_brand?post=987511736"},{"taxonomy":"product_cat","embeddable":true,"href":"https:\/\/darpro.ca\/fr\/wp-json\/wp\/v2\/product_cat?post=987511736"},{"taxonomy":"product_tag","embeddable":true,"href":"https:\/\/darpro.ca\/fr\/wp-json\/wp\/v2\/product_tag?post=987511736"}],"curies":[{"name":"wp","href":"https:\/\/api.w.org\/{rel}","templated":true}]}}