{"id":987511743,"date":"2022-11-19T09:16:30","date_gmt":"2022-11-19T14:16:30","guid":{"rendered":"https:\/\/darpro.ca\/shop\/non%20class\u00e9\/titan-17710-4-pc-jeu-de-mediator-de-precision\/"},"modified":"2024-09-20T10:40:21","modified_gmt":"2024-09-20T14:40:21","slug":"titan-4-pc-pics-et-crochets-de-precision","status":"publish","type":"product","link":"https:\/\/darpro.ca\/fr\/titan-4-pc-pics-et-crochets-de-precision\/","title":{"rendered":"Titan 17710 4 pc. Pics et crochets de pr\u00e9cision"},"content":{"rendered":"<ul>\n<li>Comprend 4 choix:<\/li>\n<li>Courbe, 90 degr\u00e9s, d\u00e9cal\u00e9e et droite<\/li>\n<li>Longueur totale: 6 po.<\/li>\n<li>Int\u00e9rieur: 12<\/li>\n<\/ul>\n","protected":false},"excerpt":{"rendered":"<p>Comprend 4 choix: Courbe, 90 degr\u00e9s, d\u00e9cal\u00e9e et droite Longueur totale: 6 po. Int\u00e9rieur: 12<\/p>\n","protected":false},"featured_media":987510938,"comment_status":"open","ping_status":"closed","template":"","meta":{"_et_pb_use_builder":"","_et_pb_old_content":"","_et_gb_content_width":""},"product_brand":[],"product_cat":[216],"product_tag":[185],"class_list":{"0":"post-987511743","1":"product","2":"type-product","3":"status-publish","4":"has-post-thumbnail","6":"product_cat-selection-de-precision","7":"product_tag-outils-titan","9":"first","10":"instock","11":"taxable","12":"shipping-taxable","13":"product-type-simple"},"jetpack_sharing_enabled":true,"_links":{"self":[{"href":"https:\/\/darpro.ca\/fr\/wp-json\/wp\/v2\/product\/987511743","targetHints":{"allow":["GET"]}}],"collection":[{"href":"https:\/\/darpro.ca\/fr\/wp-json\/wp\/v2\/product"}],"about":[{"href":"https:\/\/darpro.ca\/fr\/wp-json\/wp\/v2\/types\/product"}],"replies":[{"embeddable":true,"href":"https:\/\/darpro.ca\/fr\/wp-json\/wp\/v2\/comments?post=987511743"}],"wp:featuredmedia":[{"embeddable":true,"href":"https:\/\/darpro.ca\/fr\/wp-json\/wp\/v2\/media\/987510938"}],"wp:attachment":[{"href":"https:\/\/darpro.ca\/fr\/wp-json\/wp\/v2\/media?parent=987511743"}],"wp:term":[{"taxonomy":"product_brand","embeddable":true,"href":"https:\/\/darpro.ca\/fr\/wp-json\/wp\/v2\/product_brand?post=987511743"},{"taxonomy":"product_cat","embeddable":true,"href":"https:\/\/darpro.ca\/fr\/wp-json\/wp\/v2\/product_cat?post=987511743"},{"taxonomy":"product_tag","embeddable":true,"href":"https:\/\/darpro.ca\/fr\/wp-json\/wp\/v2\/product_tag?post=987511743"}],"curies":[{"name":"wp","href":"https:\/\/api.w.org\/{rel}","templated":true}]}}