{"id":987511749,"date":"2022-11-19T09:34:49","date_gmt":"2022-11-19T14:34:49","guid":{"rendered":"https:\/\/darpro.ca\/shop\/non%20class\u00e9\/titan-42358-3-4-po-f-a-1-po-m-adaptateur-croissant\/"},"modified":"2024-09-20T10:40:29","modified_gmt":"2024-09-20T14:40:29","slug":"titan-3-4-po-f-a-1-po-m-adaptateur-grandissant","status":"publish","type":"product","link":"https:\/\/darpro.ca\/fr\/titan-3-4-po-f-a-1-po-m-adaptateur-grandissant\/","title":{"rendered":"Titan 42358 3\/4 po. F \u00e0 1 po. M Adaptateur grandissant \u00e0 chocs"},"content":{"rendered":"<ul>\n<li>Titan 3\/4 po. F \u00e0 1 po. M Adaptateur grandissant \u00e0 chocs<\/li>\n<li>Int\u00e9rieur: 6<\/li>\n<\/ul>\n","protected":false},"excerpt":{"rendered":"<p>Titan 3\/4 po. F \u00e0 1 po. M Adaptateur grandissant \u00e0 chocs Int\u00e9rieur: 6<\/p>\n","protected":false},"featured_media":987510949,"comment_status":"open","ping_status":"closed","template":"","meta":{"_et_pb_use_builder":"","_et_pb_old_content":"","_et_gb_content_width":""},"product_brand":[],"product_cat":[214,162],"product_tag":[185],"class_list":{"0":"post-987511749","1":"product","2":"type-product","3":"status-publish","4":"has-post-thumbnail","6":"product_cat-augmentation-de-ladaptateur","7":"product_cat-outils-dentrainement-et-prises-dimpact","8":"product_tag-outils-titan","10":"first","11":"instock","12":"taxable","13":"shipping-taxable","14":"product-type-simple"},"jetpack_sharing_enabled":true,"_links":{"self":[{"href":"https:\/\/darpro.ca\/fr\/wp-json\/wp\/v2\/product\/987511749","targetHints":{"allow":["GET"]}}],"collection":[{"href":"https:\/\/darpro.ca\/fr\/wp-json\/wp\/v2\/product"}],"about":[{"href":"https:\/\/darpro.ca\/fr\/wp-json\/wp\/v2\/types\/product"}],"replies":[{"embeddable":true,"href":"https:\/\/darpro.ca\/fr\/wp-json\/wp\/v2\/comments?post=987511749"}],"wp:featuredmedia":[{"embeddable":true,"href":"https:\/\/darpro.ca\/fr\/wp-json\/wp\/v2\/media\/987510949"}],"wp:attachment":[{"href":"https:\/\/darpro.ca\/fr\/wp-json\/wp\/v2\/media?parent=987511749"}],"wp:term":[{"taxonomy":"product_brand","embeddable":true,"href":"https:\/\/darpro.ca\/fr\/wp-json\/wp\/v2\/product_brand?post=987511749"},{"taxonomy":"product_cat","embeddable":true,"href":"https:\/\/darpro.ca\/fr\/wp-json\/wp\/v2\/product_cat?post=987511749"},{"taxonomy":"product_tag","embeddable":true,"href":"https:\/\/darpro.ca\/fr\/wp-json\/wp\/v2\/product_tag?post=987511749"}],"curies":[{"name":"wp","href":"https:\/\/api.w.org\/{rel}","templated":true}]}}