{"id":987511757,"date":"2022-11-19T10:07:28","date_gmt":"2022-11-19T15:07:28","guid":{"rendered":"https:\/\/darpro.ca\/shop\/non%20class\u00e9\/titan-45235-160-pc-assortiment-de-vis-a-tete-hexagonale-sae\/"},"modified":"2024-09-20T10:40:54","modified_gmt":"2024-09-20T14:40:54","slug":"titan-160-pc-vis-a-tete-hexagonale-sae","status":"publish","type":"product","link":"https:\/\/darpro.ca\/fr\/titan-160-pc-vis-a-tete-hexagonale-sae\/","title":{"rendered":"Titan 45235 160 pc. Vis \u00e0 t\u00eate hexagonale SAE"},"content":{"rendered":"<ul>\n<li>Titan 160 pc. Assortiment de vis \u00e0 t\u00eate hexagonale SAE<\/li>\n<li>Int\u00e9rieur: 6<\/li>\n<\/ul>\n","protected":false},"excerpt":{"rendered":"<p>Titan 160 pc. Assortiment de vis \u00e0 t\u00eate hexagonale SAE Int\u00e9rieur: 6<\/p>\n","protected":false},"featured_media":987510975,"comment_status":"open","ping_status":"closed","template":"","meta":{"_et_pb_use_builder":"","_et_pb_old_content":"","_et_gb_content_width":""},"product_brand":[],"product_cat":[219,211],"product_tag":[185],"class_list":{"0":"post-987511757","1":"product","2":"type-product","3":"status-publish","4":"has-post-thumbnail","6":"product_cat-assortiment-de-vis-a-tete-hexagonale","7":"product_cat-kits-materiels","8":"product_tag-outils-titan","10":"first","11":"instock","12":"taxable","13":"shipping-taxable","14":"product-type-simple"},"jetpack_sharing_enabled":true,"_links":{"self":[{"href":"https:\/\/darpro.ca\/fr\/wp-json\/wp\/v2\/product\/987511757","targetHints":{"allow":["GET"]}}],"collection":[{"href":"https:\/\/darpro.ca\/fr\/wp-json\/wp\/v2\/product"}],"about":[{"href":"https:\/\/darpro.ca\/fr\/wp-json\/wp\/v2\/types\/product"}],"replies":[{"embeddable":true,"href":"https:\/\/darpro.ca\/fr\/wp-json\/wp\/v2\/comments?post=987511757"}],"wp:featuredmedia":[{"embeddable":true,"href":"https:\/\/darpro.ca\/fr\/wp-json\/wp\/v2\/media\/987510975"}],"wp:attachment":[{"href":"https:\/\/darpro.ca\/fr\/wp-json\/wp\/v2\/media?parent=987511757"}],"wp:term":[{"taxonomy":"product_brand","embeddable":true,"href":"https:\/\/darpro.ca\/fr\/wp-json\/wp\/v2\/product_brand?post=987511757"},{"taxonomy":"product_cat","embeddable":true,"href":"https:\/\/darpro.ca\/fr\/wp-json\/wp\/v2\/product_cat?post=987511757"},{"taxonomy":"product_tag","embeddable":true,"href":"https:\/\/darpro.ca\/fr\/wp-json\/wp\/v2\/product_tag?post=987511757"}],"curies":[{"name":"wp","href":"https:\/\/api.w.org\/{rel}","templated":true}]}}