{"id":987511759,"date":"2022-11-19T09:46:58","date_gmt":"2022-11-19T14:46:58","guid":{"rendered":"https:\/\/darpro.ca\/shop\/non%20class\u00e9\/titan-45210-150-pc-assortiment-dattelage-dacroches\/"},"modified":"2024-09-20T10:40:39","modified_gmt":"2024-09-20T14:40:39","slug":"titan-150-pc-goupilles-de-securite","status":"publish","type":"product","link":"https:\/\/darpro.ca\/fr\/titan-150-pc-goupilles-de-securite\/","title":{"rendered":"Titan 45210 150 pc. Goupilles de s\u00e9curit\u00e9"},"content":{"rendered":"<ul>\n<li>Titan 150 pc. Goupilles de s\u00e9curit\u00e9<\/li>\n<li>Int\u00e9rieur: 6<\/li>\n<\/ul>\n","protected":false},"excerpt":{"rendered":"<p>Titan 150 pc. Goupilles de s\u00e9curit\u00e9 Int\u00e9rieur: 6<\/p>\n","protected":false},"featured_media":987510961,"comment_status":"open","ping_status":"closed","template":"","meta":{"_et_pb_use_builder":"","_et_pb_old_content":"","_et_gb_content_width":""},"product_brand":[],"product_cat":[222,211],"product_tag":[185],"class_list":{"0":"post-987511759","1":"product","2":"type-product","3":"status-publish","4":"has-post-thumbnail","6":"product_cat-assortiment-dattelage-dacroches","7":"product_cat-kits-materiels","8":"product_tag-outils-titan","10":"first","11":"instock","12":"taxable","13":"shipping-taxable","14":"product-type-simple"},"jetpack_sharing_enabled":true,"_links":{"self":[{"href":"https:\/\/darpro.ca\/fr\/wp-json\/wp\/v2\/product\/987511759","targetHints":{"allow":["GET"]}}],"collection":[{"href":"https:\/\/darpro.ca\/fr\/wp-json\/wp\/v2\/product"}],"about":[{"href":"https:\/\/darpro.ca\/fr\/wp-json\/wp\/v2\/types\/product"}],"replies":[{"embeddable":true,"href":"https:\/\/darpro.ca\/fr\/wp-json\/wp\/v2\/comments?post=987511759"}],"wp:featuredmedia":[{"embeddable":true,"href":"https:\/\/darpro.ca\/fr\/wp-json\/wp\/v2\/media\/987510961"}],"wp:attachment":[{"href":"https:\/\/darpro.ca\/fr\/wp-json\/wp\/v2\/media?parent=987511759"}],"wp:term":[{"taxonomy":"product_brand","embeddable":true,"href":"https:\/\/darpro.ca\/fr\/wp-json\/wp\/v2\/product_brand?post=987511759"},{"taxonomy":"product_cat","embeddable":true,"href":"https:\/\/darpro.ca\/fr\/wp-json\/wp\/v2\/product_cat?post=987511759"},{"taxonomy":"product_tag","embeddable":true,"href":"https:\/\/darpro.ca\/fr\/wp-json\/wp\/v2\/product_tag?post=987511759"}],"curies":[{"name":"wp","href":"https:\/\/api.w.org\/{rel}","templated":true}]}}