{"id":987511769,"date":"2022-11-19T10:11:15","date_gmt":"2022-11-19T15:11:15","guid":{"rendered":"https:\/\/darpro.ca\/shop\/non class\u00e9\/titan-45239-106-pc-assortiment-de-tubes-thermoretractables-a-double-paroi\/"},"modified":"2024-09-20T10:41:01","modified_gmt":"2024-09-20T14:41:01","slug":"titan-106-pc-double-paroi-thermique-tube-retractable-assortiment","status":"publish","type":"product","link":"https:\/\/darpro.ca\/fr\/titan-106-pc-double-paroi-thermique-tube-retractable-assortiment\/","title":{"rendered":"Titan 45239 106 pc. Assortiment de tubes thermor\u00e9tractables \u00e0 double paroi"},"content":{"rendered":"<ul>\n<li>Titan 106 pc. Assortiment de tubes thermor\u00e9tractables \u00e0 double paroi<\/li>\n<li>Int\u00e9rieur: 10<\/li>\n<\/ul>\n","protected":false},"excerpt":{"rendered":"<p>Titan 106 pc. Assortiment de tubes thermor\u00e9tractables \u00e0 double paroi Int\u00e9rieur: 10<\/p>\n","protected":false},"featured_media":987510979,"comment_status":"open","ping_status":"closed","template":"","meta":{"_et_pb_use_builder":"","_et_pb_old_content":"","_et_gb_content_width":""},"product_brand":[],"product_cat":[228,211],"product_tag":[185],"class_list":{"0":"post-987511769","1":"product","2":"type-product","3":"status-publish","4":"has-post-thumbnail","6":"product_cat-assortiment-de-tubes-thermoretractables","7":"product_cat-kits-materiels","8":"product_tag-outils-titan","10":"first","11":"instock","12":"taxable","13":"shipping-taxable","14":"product-type-simple"},"jetpack_sharing_enabled":true,"_links":{"self":[{"href":"https:\/\/darpro.ca\/fr\/wp-json\/wp\/v2\/product\/987511769","targetHints":{"allow":["GET"]}}],"collection":[{"href":"https:\/\/darpro.ca\/fr\/wp-json\/wp\/v2\/product"}],"about":[{"href":"https:\/\/darpro.ca\/fr\/wp-json\/wp\/v2\/types\/product"}],"replies":[{"embeddable":true,"href":"https:\/\/darpro.ca\/fr\/wp-json\/wp\/v2\/comments?post=987511769"}],"wp:featuredmedia":[{"embeddable":true,"href":"https:\/\/darpro.ca\/fr\/wp-json\/wp\/v2\/media\/987510979"}],"wp:attachment":[{"href":"https:\/\/darpro.ca\/fr\/wp-json\/wp\/v2\/media?parent=987511769"}],"wp:term":[{"taxonomy":"product_brand","embeddable":true,"href":"https:\/\/darpro.ca\/fr\/wp-json\/wp\/v2\/product_brand?post=987511769"},{"taxonomy":"product_cat","embeddable":true,"href":"https:\/\/darpro.ca\/fr\/wp-json\/wp\/v2\/product_cat?post=987511769"},{"taxonomy":"product_tag","embeddable":true,"href":"https:\/\/darpro.ca\/fr\/wp-json\/wp\/v2\/product_tag?post=987511769"}],"curies":[{"name":"wp","href":"https:\/\/api.w.org\/{rel}","templated":true}]}}