{"id":987511792,"date":"2022-11-13T13:58:10","date_gmt":"2022-11-13T18:58:10","guid":{"rendered":"https:\/\/darpro.ca\/shop\/non%20class\u00e9\/titan-11064-3-en-1-recuperateur-eclaire\/"},"modified":"2024-09-20T10:38:49","modified_gmt":"2024-09-20T14:38:49","slug":"titan-outil-de-ramassage-eclaire-3-en-1","status":"publish","type":"product","link":"https:\/\/darpro.ca\/fr\/titan-outil-de-ramassage-eclaire-3-en-1\/","title":{"rendered":"Titan 11064 Outil de ramassage \u00e9clair\u00e9 3-en-1"},"content":{"rendered":"<ul>\n<li>Longueur totale: 24 pouces<\/li>\n<li>Arbre flexible pour une utilisation dans des zones confin\u00e9es<\/li>\n<li>Griffe du r\u00e9cup\u00e9rateur r\u00e9glable<\/li>\n<li>Lumi\u00e8re d&rsquo;inspection LED<\/li>\n<li>L\u2019aimant peut supporter jusqu\u2019\u00e0 3 lb<\/li>\n<li>Poign\u00e9e et t\u00eate en aluminium<\/li>\n<li>Arbre flexible chrom\u00e9 et acier<\/li>\n<\/ul>\n","protected":false},"excerpt":{"rendered":"<p>Longueur totale: 24 pouces Arbre flexible pour une utilisation dans des zones confin\u00e9es Griffe du r\u00e9cup\u00e9rateur r\u00e9glable Lumi\u00e8re d&rsquo;inspection LED L\u2019aimant peut supporter jusqu\u2019\u00e0 3 lb Poign\u00e9e et t\u00eate en aluminium Arbre flexible chrom\u00e9 et acier<\/p>\n","protected":false},"featured_media":987510865,"comment_status":"open","ping_status":"closed","template":"","meta":{"_et_pb_use_builder":"","_et_pb_old_content":"","_et_gb_content_width":""},"product_brand":[],"product_cat":[193,242],"product_tag":[185],"class_list":{"0":"post-987511792","1":"product","2":"type-product","3":"status-publish","4":"has-post-thumbnail","6":"product_cat-outils-dinspection-et-de-recuperation","7":"product_cat-retriever-eclaire","8":"product_tag-outils-titan","10":"first","11":"instock","12":"taxable","13":"shipping-taxable","14":"product-type-simple"},"jetpack_sharing_enabled":true,"_links":{"self":[{"href":"https:\/\/darpro.ca\/fr\/wp-json\/wp\/v2\/product\/987511792","targetHints":{"allow":["GET"]}}],"collection":[{"href":"https:\/\/darpro.ca\/fr\/wp-json\/wp\/v2\/product"}],"about":[{"href":"https:\/\/darpro.ca\/fr\/wp-json\/wp\/v2\/types\/product"}],"replies":[{"embeddable":true,"href":"https:\/\/darpro.ca\/fr\/wp-json\/wp\/v2\/comments?post=987511792"}],"wp:featuredmedia":[{"embeddable":true,"href":"https:\/\/darpro.ca\/fr\/wp-json\/wp\/v2\/media\/987510865"}],"wp:attachment":[{"href":"https:\/\/darpro.ca\/fr\/wp-json\/wp\/v2\/media?parent=987511792"}],"wp:term":[{"taxonomy":"product_brand","embeddable":true,"href":"https:\/\/darpro.ca\/fr\/wp-json\/wp\/v2\/product_brand?post=987511792"},{"taxonomy":"product_cat","embeddable":true,"href":"https:\/\/darpro.ca\/fr\/wp-json\/wp\/v2\/product_cat?post=987511792"},{"taxonomy":"product_tag","embeddable":true,"href":"https:\/\/darpro.ca\/fr\/wp-json\/wp\/v2\/product_tag?post=987511792"}],"curies":[{"name":"wp","href":"https:\/\/api.w.org\/{rel}","templated":true}]}}