{"id":987511794,"date":"2022-11-17T10:32:11","date_gmt":"2022-11-17T15:32:11","guid":{"rendered":"https:\/\/darpro.ca\/shop\/non%20class\u00e9\/titan-12043-3-8-po-cliquet-de-decalage-a-degagement-rapide-du-lecteur\/"},"modified":"2024-09-20T10:39:20","modified_gmt":"2024-09-20T14:39:20","slug":"titan-rochet-a-degagement-rapide-prise-3-8-po","status":"publish","type":"product","link":"https:\/\/darpro.ca\/fr\/titan-rochet-a-degagement-rapide-prise-3-8-po\/","title":{"rendered":"Titan 12043 Rochet \u00e0 d\u00e9gagement rapide \u00e0 prise 3\/8 po"},"content":{"rendered":"<p>3\/8 po Ce rochet dispose d\u2019un lecteur 3\/8 pouces avec une fonction de d\u00e9gagement rapide. Il contient des prises quand elles sont n\u00e9cessaires et allons-y quand elles ne le sont pas. Il a une poign\u00e9e profil\u00e9e. Il a une conception d\u00e9cal\u00e9e pour les fixations difficiles \u00e0 atteindre. Il a un m\u00e9canisme \u00e0 cliquet \u00e0 72 dents.<\/p>\n","protected":false},"excerpt":{"rendered":"<p>3\/8 po Ce rochet dispose d\u2019un lecteur 3\/8 pouces avec une fonction de d\u00e9gagement rapide. Il contient des prises quand elles sont n\u00e9cessaires et allons-y quand elles ne le sont pas. Il a une poign\u00e9e profil\u00e9e. Il a une conception d\u00e9cal\u00e9e pour les fixations difficiles \u00e0 atteindre. Il a un m\u00e9canisme \u00e0 cliquet \u00e0 72 [&hellip;]<\/p>\n","protected":false},"featured_media":987510890,"comment_status":"open","ping_status":"closed","template":"","meta":{"_et_pb_use_builder":"","_et_pb_old_content":"","_et_gb_content_width":""},"product_brand":[],"product_cat":[172],"product_tag":[185],"class_list":{"0":"post-987511794","1":"product","2":"type-product","3":"status-publish","4":"has-post-thumbnail","6":"product_cat-cliquets","7":"product_tag-outils-titan","9":"first","10":"instock","11":"taxable","12":"shipping-taxable","13":"product-type-simple"},"jetpack_sharing_enabled":true,"_links":{"self":[{"href":"https:\/\/darpro.ca\/fr\/wp-json\/wp\/v2\/product\/987511794","targetHints":{"allow":["GET"]}}],"collection":[{"href":"https:\/\/darpro.ca\/fr\/wp-json\/wp\/v2\/product"}],"about":[{"href":"https:\/\/darpro.ca\/fr\/wp-json\/wp\/v2\/types\/product"}],"replies":[{"embeddable":true,"href":"https:\/\/darpro.ca\/fr\/wp-json\/wp\/v2\/comments?post=987511794"}],"wp:featuredmedia":[{"embeddable":true,"href":"https:\/\/darpro.ca\/fr\/wp-json\/wp\/v2\/media\/987510890"}],"wp:attachment":[{"href":"https:\/\/darpro.ca\/fr\/wp-json\/wp\/v2\/media?parent=987511794"}],"wp:term":[{"taxonomy":"product_brand","embeddable":true,"href":"https:\/\/darpro.ca\/fr\/wp-json\/wp\/v2\/product_brand?post=987511794"},{"taxonomy":"product_cat","embeddable":true,"href":"https:\/\/darpro.ca\/fr\/wp-json\/wp\/v2\/product_cat?post=987511794"},{"taxonomy":"product_tag","embeddable":true,"href":"https:\/\/darpro.ca\/fr\/wp-json\/wp\/v2\/product_tag?post=987511794"}],"curies":[{"name":"wp","href":"https:\/\/api.w.org\/{rel}","templated":true}]}}