{"id":987511795,"date":"2023-04-27T12:23:10","date_gmt":"2023-04-27T16:23:10","guid":{"rendered":"https:\/\/darpro.ca\/shop\/non class\u00e9\/titan-11215-3-pc-jeu-dextracteur-a-vis-endommage\/"},"modified":"2024-09-20T10:38:59","modified_gmt":"2024-09-20T14:38:59","slug":"titan-3-pc-endommage-vis-extracteur-set","status":"publish","type":"product","link":"https:\/\/darpro.ca\/fr\/titan-3-pc-endommage-vis-extracteur-set\/","title":{"rendered":"Titan 11215 3 pc. Jeu d\u2019extracteur \u00e0 vis endommag\u00e9"},"content":{"rendered":"<ul>\n<li>Comprend (3) extracteurs double face: #1 Taille de vis 4-7, Taille de boulon SAE 7-32 \u00a0\u00bb, Taille de boulon MM 5mm, #2: Taille de vis 8-10, Taille de boulon SAE 1\/4 \u00a0\u00bb, Taille de boulon MM 6mm, #3: Taille de vis 11-14, Taille de boulon SAE 5\/16 \u00a0\u00bb, Taille de boulon MM 8mm<\/li>\n<li>Pour une utilisation avec l\u2019enl\u00e8vement de vis et de boulons de taille 4-14 jusqu\u2019\u00e0 5\/16<\/li>\n<li>Les embouts d\u2019extraction double face enl\u00e8vent les vis et les boulons d\u00e9nud\u00e9s<\/li>\n<li>Percer, d\u00e9former et extraire la vis<\/li>\n<\/ul>\n","protected":false},"excerpt":{"rendered":"<p>Comprend (3) extracteurs double face: #1 Taille de vis 4-7, Taille de boulon SAE 7-32 \u00a0\u00bb, Taille de boulon MM 5mm, #2: Taille de vis 8-10, Taille de boulon SAE 1\/4 \u00a0\u00bb, Taille de boulon MM 6mm, #3: Taille de vis 11-14, Taille de boulon SAE 5\/16 \u00a0\u00bb, Taille de boulon MM 8mm Pour une [&hellip;]<\/p>\n","protected":false},"featured_media":987510872,"comment_status":"open","ping_status":"closed","template":"","meta":{"_et_pb_use_builder":"","_et_pb_old_content":"","_et_gb_content_width":""},"product_brand":[],"product_cat":[244,169],"product_tag":[185],"class_list":{"0":"post-987511795","1":"product","2":"type-product","3":"status-publish","4":"has-post-thumbnail","6":"product_cat-kit-de-retrait-de-vis-endommage","7":"product_cat-accessoires-pour-outils-electriques","8":"product_tag-outils-titan","10":"first","11":"instock","12":"taxable","13":"shipping-taxable","14":"product-type-simple"},"jetpack_sharing_enabled":true,"_links":{"self":[{"href":"https:\/\/darpro.ca\/fr\/wp-json\/wp\/v2\/product\/987511795","targetHints":{"allow":["GET"]}}],"collection":[{"href":"https:\/\/darpro.ca\/fr\/wp-json\/wp\/v2\/product"}],"about":[{"href":"https:\/\/darpro.ca\/fr\/wp-json\/wp\/v2\/types\/product"}],"replies":[{"embeddable":true,"href":"https:\/\/darpro.ca\/fr\/wp-json\/wp\/v2\/comments?post=987511795"}],"wp:featuredmedia":[{"embeddable":true,"href":"https:\/\/darpro.ca\/fr\/wp-json\/wp\/v2\/media\/987510872"}],"wp:attachment":[{"href":"https:\/\/darpro.ca\/fr\/wp-json\/wp\/v2\/media?parent=987511795"}],"wp:term":[{"taxonomy":"product_brand","embeddable":true,"href":"https:\/\/darpro.ca\/fr\/wp-json\/wp\/v2\/product_brand?post=987511795"},{"taxonomy":"product_cat","embeddable":true,"href":"https:\/\/darpro.ca\/fr\/wp-json\/wp\/v2\/product_cat?post=987511795"},{"taxonomy":"product_tag","embeddable":true,"href":"https:\/\/darpro.ca\/fr\/wp-json\/wp\/v2\/product_tag?post=987511795"}],"curies":[{"name":"wp","href":"https:\/\/api.w.org\/{rel}","templated":true}]}}