{"id":987511797,"date":"2022-11-17T10:33:11","date_gmt":"2022-11-17T15:33:11","guid":{"rendered":"https:\/\/darpro.ca\/shop\/non class\u00e9\/titan-12044-1-2-po-cliquet-de-decalage-a-degagement-rapide-du-lecteur\/"},"modified":"2024-09-20T10:39:20","modified_gmt":"2024-09-20T14:39:20","slug":"titan-1-2-in-drive-quick-release-offset-ratchet","status":"publish","type":"product","link":"https:\/\/darpro.ca\/fr\/titan-1-2-in-drive-quick-release-offset-ratchet\/","title":{"rendered":"Titan 12044 1\/2 po Cliquet de d\u00e9calage \u00e0 d\u00e9gagement rapide du lecteur"},"content":{"rendered":"<p>D\u00e9gagement rapide 1\/2 po. Dr. Offset Ratchet est dot\u00e9 d\u2019une poign\u00e9e de poign\u00e9e de coussin profil\u00e9e. D\u00e9verrouillage par bouton-poussoir et construction en acier chrom\u00e9 vanadium. Le cliquet d\u00e9cal\u00e9 est con\u00e7u pour les fixations difficiles \u00e0 atteindre. Le m\u00e9canisme de cliquet d\u2019entra\u00eenement \u00e0 engrenages \u00e0 72 dents s\u2019engage avec un balancement de 5 degr\u00e9s pour travailler dans des zones \u00e9troites.<\/p>\n","protected":false},"excerpt":{"rendered":"<p>D\u00e9gagement rapide 1\/2 po. Dr. Offset Ratchet est dot\u00e9 d\u2019une poign\u00e9e de poign\u00e9e de coussin profil\u00e9e. D\u00e9verrouillage par bouton-poussoir et construction en acier chrom\u00e9 vanadium. Le cliquet d\u00e9cal\u00e9 est con\u00e7u pour les fixations difficiles \u00e0 atteindre. Le m\u00e9canisme de cliquet d\u2019entra\u00eenement \u00e0 engrenages \u00e0 72 dents s\u2019engage avec un balancement de 5 degr\u00e9s pour travailler [&hellip;]<\/p>\n","protected":false},"featured_media":987510891,"comment_status":"open","ping_status":"closed","template":"","meta":{"_et_pb_use_builder":"","_et_pb_old_content":"","_et_gb_content_width":""},"product_brand":[],"product_cat":[172],"product_tag":[185],"class_list":{"0":"post-987511797","1":"product","2":"type-product","3":"status-publish","4":"has-post-thumbnail","6":"product_cat-cliquets","7":"product_tag-outils-titan","9":"first","10":"instock","11":"taxable","12":"shipping-taxable","13":"product-type-simple"},"jetpack_sharing_enabled":true,"_links":{"self":[{"href":"https:\/\/darpro.ca\/fr\/wp-json\/wp\/v2\/product\/987511797","targetHints":{"allow":["GET"]}}],"collection":[{"href":"https:\/\/darpro.ca\/fr\/wp-json\/wp\/v2\/product"}],"about":[{"href":"https:\/\/darpro.ca\/fr\/wp-json\/wp\/v2\/types\/product"}],"replies":[{"embeddable":true,"href":"https:\/\/darpro.ca\/fr\/wp-json\/wp\/v2\/comments?post=987511797"}],"wp:featuredmedia":[{"embeddable":true,"href":"https:\/\/darpro.ca\/fr\/wp-json\/wp\/v2\/media\/987510891"}],"wp:attachment":[{"href":"https:\/\/darpro.ca\/fr\/wp-json\/wp\/v2\/media?parent=987511797"}],"wp:term":[{"taxonomy":"product_brand","embeddable":true,"href":"https:\/\/darpro.ca\/fr\/wp-json\/wp\/v2\/product_brand?post=987511797"},{"taxonomy":"product_cat","embeddable":true,"href":"https:\/\/darpro.ca\/fr\/wp-json\/wp\/v2\/product_cat?post=987511797"},{"taxonomy":"product_tag","embeddable":true,"href":"https:\/\/darpro.ca\/fr\/wp-json\/wp\/v2\/product_tag?post=987511797"}],"curies":[{"name":"wp","href":"https:\/\/api.w.org\/{rel}","templated":true}]}}