{"id":987511798,"date":"2022-11-19T10:58:44","date_gmt":"2022-11-19T15:58:44","guid":{"rendered":"https:\/\/darpro.ca\/shop\/non%20class\u00e9\/titan-60785-8-po-pinces-de-coupe-dextremite\/"},"modified":"2024-09-20T10:41:37","modified_gmt":"2024-09-20T14:41:37","slug":"pince-coupante-extremite-8-po","status":"publish","type":"product","link":"https:\/\/darpro.ca\/fr\/pince-coupante-extremite-8-po\/","title":{"rendered":"Titan 60785 Pince coupante d\u2019extr\u00e9mit\u00e9 de 8 po."},"content":{"rendered":"<ul>\n<li>Titan 8 po. Pince coupante d\u2019extr\u00e9mit\u00e9<\/li>\n<li>Int\u00e9rieur: 6<\/li>\n<\/ul>\n","protected":false},"excerpt":{"rendered":"<p>Titan 8 po. Pince coupante d\u2019extr\u00e9mit\u00e9 Int\u00e9rieur: 6<\/p>\n","protected":false},"featured_media":987511014,"comment_status":"open","ping_status":"closed","template":"","meta":{"_et_pb_use_builder":"","_et_pb_old_content":"","_et_gb_content_width":""},"product_brand":[],"product_cat":[243,240],"product_tag":[185],"class_list":{"0":"post-987511798","1":"product","2":"type-product","3":"status-publish","4":"has-post-thumbnail","6":"product_cat-pinces-de-coupe-dextremite","7":"product_cat-pinces","8":"product_tag-outils-titan","10":"first","11":"instock","12":"taxable","13":"shipping-taxable","14":"product-type-simple"},"jetpack_sharing_enabled":true,"_links":{"self":[{"href":"https:\/\/darpro.ca\/fr\/wp-json\/wp\/v2\/product\/987511798","targetHints":{"allow":["GET"]}}],"collection":[{"href":"https:\/\/darpro.ca\/fr\/wp-json\/wp\/v2\/product"}],"about":[{"href":"https:\/\/darpro.ca\/fr\/wp-json\/wp\/v2\/types\/product"}],"replies":[{"embeddable":true,"href":"https:\/\/darpro.ca\/fr\/wp-json\/wp\/v2\/comments?post=987511798"}],"wp:featuredmedia":[{"embeddable":true,"href":"https:\/\/darpro.ca\/fr\/wp-json\/wp\/v2\/media\/987511014"}],"wp:attachment":[{"href":"https:\/\/darpro.ca\/fr\/wp-json\/wp\/v2\/media?parent=987511798"}],"wp:term":[{"taxonomy":"product_brand","embeddable":true,"href":"https:\/\/darpro.ca\/fr\/wp-json\/wp\/v2\/product_brand?post=987511798"},{"taxonomy":"product_cat","embeddable":true,"href":"https:\/\/darpro.ca\/fr\/wp-json\/wp\/v2\/product_cat?post=987511798"},{"taxonomy":"product_tag","embeddable":true,"href":"https:\/\/darpro.ca\/fr\/wp-json\/wp\/v2\/product_tag?post=987511798"}],"curies":[{"name":"wp","href":"https:\/\/api.w.org\/{rel}","templated":true}]}}