{"id":987511799,"date":"2022-11-17T10:22:10","date_gmt":"2022-11-17T15:22:10","guid":{"rendered":"https:\/\/darpro.ca\/shop\/non%20class\u00e9\/titan-12015-3-8-po-conduisez-15-pouces-barre-de-disjoncteur-a-cliquet\/"},"modified":"2024-09-20T10:39:13","modified_gmt":"2024-09-20T14:39:13","slug":"titan-3-8-in-drive-15-in-cliqueting-breaker-bar","status":"publish","type":"product","link":"https:\/\/darpro.ca\/fr\/titan-3-8-in-drive-15-in-cliqueting-breaker-bar\/","title":{"rendered":"Titan 12015 Prise 3\/8 po Barre de disjoncteur \u00e0 cliquet"},"content":{"rendered":"<p>Barre de disjoncteur \u00e0 cliquet de 15 po &#8211; entra\u00eenement de 3\/8 po, pivotement de t\u00eate de cliquet d\u2019entra\u00eenement de 3\/8 po \u00e0 180 degr\u00e9s, construction robuste en acier chrom\u00e9 vanadium, couple maximal : 148 pi\/lb. (20 kg\/m), action de cliquet \u00e0 3 voies: filetage droit, fil gauche ou verrou. Barre chrom\u00e9e et finition oxyde noire sur la t\u00eate pour r\u00e9sister \u00e0 la corrosion.<\/p>\n","protected":false},"excerpt":{"rendered":"<p>Barre de disjoncteur \u00e0 cliquet de 15 po &#8211; entra\u00eenement de 3\/8 po, pivotement de t\u00eate de cliquet d\u2019entra\u00eenement de 3\/8 po \u00e0 180 degr\u00e9s, construction robuste en acier chrom\u00e9 vanadium, couple maximal : 148 pi\/lb. (20 kg\/m), action de cliquet \u00e0 3 voies: filetage droit, fil gauche ou verrou. Barre chrom\u00e9e et finition oxyde [&hellip;]<\/p>\n","protected":false},"featured_media":987510883,"comment_status":"open","ping_status":"closed","template":"","meta":{"_et_pb_use_builder":"","_et_pb_old_content":"","_et_gb_content_width":""},"product_brand":[],"product_cat":[201,162],"product_tag":[185],"class_list":{"0":"post-987511799","1":"product","2":"type-product","3":"status-publish","4":"has-post-thumbnail","6":"product_cat-barre-de-disjoncteur-a-cliquet","7":"product_cat-outils-dentrainement-et-prises-dimpact","8":"product_tag-outils-titan","10":"first","11":"instock","12":"taxable","13":"shipping-taxable","14":"product-type-simple"},"jetpack_sharing_enabled":true,"_links":{"self":[{"href":"https:\/\/darpro.ca\/fr\/wp-json\/wp\/v2\/product\/987511799","targetHints":{"allow":["GET"]}}],"collection":[{"href":"https:\/\/darpro.ca\/fr\/wp-json\/wp\/v2\/product"}],"about":[{"href":"https:\/\/darpro.ca\/fr\/wp-json\/wp\/v2\/types\/product"}],"replies":[{"embeddable":true,"href":"https:\/\/darpro.ca\/fr\/wp-json\/wp\/v2\/comments?post=987511799"}],"wp:featuredmedia":[{"embeddable":true,"href":"https:\/\/darpro.ca\/fr\/wp-json\/wp\/v2\/media\/987510883"}],"wp:attachment":[{"href":"https:\/\/darpro.ca\/fr\/wp-json\/wp\/v2\/media?parent=987511799"}],"wp:term":[{"taxonomy":"product_brand","embeddable":true,"href":"https:\/\/darpro.ca\/fr\/wp-json\/wp\/v2\/product_brand?post=987511799"},{"taxonomy":"product_cat","embeddable":true,"href":"https:\/\/darpro.ca\/fr\/wp-json\/wp\/v2\/product_cat?post=987511799"},{"taxonomy":"product_tag","embeddable":true,"href":"https:\/\/darpro.ca\/fr\/wp-json\/wp\/v2\/product_tag?post=987511799"}],"curies":[{"name":"wp","href":"https:\/\/api.w.org\/{rel}","templated":true}]}}