{"id":987511800,"date":"2022-11-19T10:44:21","date_gmt":"2022-11-19T15:44:21","guid":{"rendered":"https:\/\/darpro.ca\/shop\/non%20class\u00e9\/titan-51950-outil-debavurage\/"},"modified":"2024-09-20T10:41:26","modified_gmt":"2024-09-20T14:41:26","slug":"titan-outil-ebavurage","status":"publish","type":"product","link":"https:\/\/darpro.ca\/fr\/titan-outil-ebavurage\/","title":{"rendered":"Titan 51950 Outil d\u2019\u00e9bavurage externe"},"content":{"rendered":"<ul>\n<li>L\u2019Exoburr est un outil d\u2019\u00e9bavurage qui r\u00e9pare rapidement les boulons endommag\u00e9s aux \u00e9crous filet\u00e9s<\/li>\n<li>L\u2019Exoburr simplifie le processus de r\u00e9paration, fractionnant potentiellement le temps de r\u00e9paration, tout en \u00e9conomisant de l\u2019argent pour remplacer des pi\u00e8ces co\u00fbteuses.<\/li>\n<li>Les lames en acier HRC tremp\u00e9 restent tranchantes m\u00eame apr\u00e8s de multiples utilisations<\/li>\n<li>Acier de conception d\u2019arbre d\u2019impact avec lame d\u2019\u00e9bavurage plus HRC 60<\/li>\n<li>Les faibles vitesses rendent cet outil plus efficace<\/li>\n<li>La vitesse recommand\u00e9e ne doit pas d\u00e9passer 500 tr\/min dans le sens des aiguilles d\u2019une montre uniquement<\/li>\n<li>Fonctionne avec la plupart des perceuses \u00e9lectriques sur des mat\u00e9riaux allant de 5\/16 \u00e0 7\/8 pouces (8-22 mm)<\/li>\n<li>Fabriqu\u00e9 \u00e0 partir d\u2019acier tremp\u00e9<\/li>\n<li>Applicable au mat\u00e9riel ci-dessous:<\/li>\n<li>Acier m\u00e9tallique durci (nuance m\u00e9trique: nuance d\u2019acier inoxydable des s\u00e9ries 4.8, 8.8, 10.9 et 300)<\/li>\n<li>Acier doux &#8211; Cuivre &#8211; Laiton &#8211; Aluminium &#8211; Bois &#8211; Plastique<\/li>\n<li>Int\u00e9rieur: 10<\/li>\n<\/ul>\n","protected":false},"excerpt":{"rendered":"<p>L\u2019Exoburr est un outil d\u2019\u00e9bavurage qui r\u00e9pare rapidement les boulons endommag\u00e9s aux \u00e9crous filet\u00e9s L\u2019Exoburr simplifie le processus de r\u00e9paration, fractionnant potentiellement le temps de r\u00e9paration, tout en \u00e9conomisant de l\u2019argent pour remplacer des pi\u00e8ces co\u00fbteuses. Les lames en acier HRC tremp\u00e9 restent tranchantes m\u00eame apr\u00e8s de multiples utilisations Acier de conception d\u2019arbre d\u2019impact avec [&hellip;]<\/p>\n","protected":false},"featured_media":987511001,"comment_status":"open","ping_status":"closed","template":"","meta":{"_et_pb_use_builder":"","_et_pb_old_content":"","_et_gb_content_width":""},"product_brand":[],"product_cat":[246],"product_tag":[185],"class_list":{"0":"post-987511800","1":"product","2":"type-product","3":"status-publish","4":"has-post-thumbnail","6":"product_cat-outil-debavurage","7":"product_tag-outils-titan","9":"first","10":"instock","11":"featured","12":"taxable","13":"shipping-taxable","14":"product-type-simple"},"jetpack_sharing_enabled":true,"_links":{"self":[{"href":"https:\/\/darpro.ca\/fr\/wp-json\/wp\/v2\/product\/987511800","targetHints":{"allow":["GET"]}}],"collection":[{"href":"https:\/\/darpro.ca\/fr\/wp-json\/wp\/v2\/product"}],"about":[{"href":"https:\/\/darpro.ca\/fr\/wp-json\/wp\/v2\/types\/product"}],"replies":[{"embeddable":true,"href":"https:\/\/darpro.ca\/fr\/wp-json\/wp\/v2\/comments?post=987511800"}],"wp:featuredmedia":[{"embeddable":true,"href":"https:\/\/darpro.ca\/fr\/wp-json\/wp\/v2\/media\/987511001"}],"wp:attachment":[{"href":"https:\/\/darpro.ca\/fr\/wp-json\/wp\/v2\/media?parent=987511800"}],"wp:term":[{"taxonomy":"product_brand","embeddable":true,"href":"https:\/\/darpro.ca\/fr\/wp-json\/wp\/v2\/product_brand?post=987511800"},{"taxonomy":"product_cat","embeddable":true,"href":"https:\/\/darpro.ca\/fr\/wp-json\/wp\/v2\/product_cat?post=987511800"},{"taxonomy":"product_tag","embeddable":true,"href":"https:\/\/darpro.ca\/fr\/wp-json\/wp\/v2\/product_tag?post=987511800"}],"curies":[{"name":"wp","href":"https:\/\/api.w.org\/{rel}","templated":true}]}}