{"id":987511801,"date":"2022-11-17T10:34:11","date_gmt":"2022-11-17T15:34:11","guid":{"rendered":"https:\/\/darpro.ca\/shop\/non%20class\u00e9\/titan-12045-3-8-po-cliquet-extra-long-decale-a-degagement-rapide-du-lecteur\/"},"modified":"2024-09-20T10:39:21","modified_gmt":"2024-09-20T14:39:21","slug":"titan-rochet-extra-long-a-degagement-rapide-prise-3-8-po","status":"publish","type":"product","link":"https:\/\/darpro.ca\/fr\/titan-rochet-extra-long-a-degagement-rapide-prise-3-8-po\/","title":{"rendered":"Titan 12045 Rochet extra-long \u00e0 d\u00e9gagement rapide \u00e0 prise 3\/8 po de 11 po"},"content":{"rendered":"<p>11 po Cliquet d\u2019entra\u00eenement extra long de 3\/8 \u00ab&nbsp;. Rochet chrom\u00e9 avec poign\u00e9e profil\u00e9e. Interrupteur directionnel de commande du pouce.<\/p>\n","protected":false},"excerpt":{"rendered":"<p>11 po Cliquet d\u2019entra\u00eenement extra long de 3\/8 \u00ab&nbsp;. Rochet chrom\u00e9 avec poign\u00e9e profil\u00e9e. Interrupteur directionnel de commande du pouce.<\/p>\n","protected":false},"featured_media":987510892,"comment_status":"open","ping_status":"closed","template":"","meta":{"_et_pb_use_builder":"","_et_pb_old_content":"","_et_gb_content_width":""},"product_brand":[],"product_cat":[172],"product_tag":[185],"class_list":{"0":"post-987511801","1":"product","2":"type-product","3":"status-publish","4":"has-post-thumbnail","6":"product_cat-cliquets","7":"product_tag-outils-titan","9":"first","10":"instock","11":"taxable","12":"shipping-taxable","13":"product-type-simple"},"jetpack_sharing_enabled":true,"_links":{"self":[{"href":"https:\/\/darpro.ca\/fr\/wp-json\/wp\/v2\/product\/987511801","targetHints":{"allow":["GET"]}}],"collection":[{"href":"https:\/\/darpro.ca\/fr\/wp-json\/wp\/v2\/product"}],"about":[{"href":"https:\/\/darpro.ca\/fr\/wp-json\/wp\/v2\/types\/product"}],"replies":[{"embeddable":true,"href":"https:\/\/darpro.ca\/fr\/wp-json\/wp\/v2\/comments?post=987511801"}],"wp:featuredmedia":[{"embeddable":true,"href":"https:\/\/darpro.ca\/fr\/wp-json\/wp\/v2\/media\/987510892"}],"wp:attachment":[{"href":"https:\/\/darpro.ca\/fr\/wp-json\/wp\/v2\/media?parent=987511801"}],"wp:term":[{"taxonomy":"product_brand","embeddable":true,"href":"https:\/\/darpro.ca\/fr\/wp-json\/wp\/v2\/product_brand?post=987511801"},{"taxonomy":"product_cat","embeddable":true,"href":"https:\/\/darpro.ca\/fr\/wp-json\/wp\/v2\/product_cat?post=987511801"},{"taxonomy":"product_tag","embeddable":true,"href":"https:\/\/darpro.ca\/fr\/wp-json\/wp\/v2\/product_tag?post=987511801"}],"curies":[{"name":"wp","href":"https:\/\/api.w.org\/{rel}","templated":true}]}}