{"id":987511802,"date":"2022-11-13T14:05:11","date_gmt":"2022-11-13T19:05:11","guid":{"rendered":"https:\/\/darpro.ca\/shop\/non%20class\u00e9\/titan-12031-mini-grattoir-de-rasoir\/"},"modified":"2024-09-20T10:39:16","modified_gmt":"2024-09-20T14:39:16","slug":"titan-mini-rasoir-grattoir","status":"publish","type":"product","link":"https:\/\/darpro.ca\/fr\/titan-mini-rasoir-grattoir\/","title":{"rendered":"Titan 12031 Mini grattoir \u00e0 rasoir"},"content":{"rendered":"<p>Mini grattoir \u00e0 rasoir, construction en polypropyl\u00e8ne r\u00e9sistant. Manchon confort pour une meilleure adh\u00e9rence et plus de contr\u00f4le, comprend: (1) Lame de rasoir extra-robuste .020 \u00ab&nbsp;&#8211; Utilise des lames de remplacement Titan 11036, 11038.<\/p>\n","protected":false},"excerpt":{"rendered":"<p>Mini grattoir \u00e0 rasoir, construction en polypropyl\u00e8ne r\u00e9sistant. Manchon confort pour une meilleure adh\u00e9rence et plus de contr\u00f4le, comprend: (1) Lame de rasoir extra-robuste .020 \u00ab&nbsp;&#8211; Utilise des lames de remplacement Titan 11036, 11038.<\/p>\n","protected":false},"featured_media":987510886,"comment_status":"open","ping_status":"closed","template":"","meta":{"_et_pb_use_builder":"","_et_pb_old_content":"","_et_gb_content_width":""},"product_brand":[],"product_cat":[190],"product_tag":[185],"class_list":{"0":"post-987511802","1":"product","2":"type-product","3":"status-publish","4":"has-post-thumbnail","6":"product_cat-grattoir-de-rasoir","7":"product_tag-outils-titan","9":"first","10":"instock","11":"taxable","12":"shipping-taxable","13":"product-type-simple"},"jetpack_sharing_enabled":true,"_links":{"self":[{"href":"https:\/\/darpro.ca\/fr\/wp-json\/wp\/v2\/product\/987511802","targetHints":{"allow":["GET"]}}],"collection":[{"href":"https:\/\/darpro.ca\/fr\/wp-json\/wp\/v2\/product"}],"about":[{"href":"https:\/\/darpro.ca\/fr\/wp-json\/wp\/v2\/types\/product"}],"replies":[{"embeddable":true,"href":"https:\/\/darpro.ca\/fr\/wp-json\/wp\/v2\/comments?post=987511802"}],"wp:featuredmedia":[{"embeddable":true,"href":"https:\/\/darpro.ca\/fr\/wp-json\/wp\/v2\/media\/987510886"}],"wp:attachment":[{"href":"https:\/\/darpro.ca\/fr\/wp-json\/wp\/v2\/media?parent=987511802"}],"wp:term":[{"taxonomy":"product_brand","embeddable":true,"href":"https:\/\/darpro.ca\/fr\/wp-json\/wp\/v2\/product_brand?post=987511802"},{"taxonomy":"product_cat","embeddable":true,"href":"https:\/\/darpro.ca\/fr\/wp-json\/wp\/v2\/product_cat?post=987511802"},{"taxonomy":"product_tag","embeddable":true,"href":"https:\/\/darpro.ca\/fr\/wp-json\/wp\/v2\/product_tag?post=987511802"}],"curies":[{"name":"wp","href":"https:\/\/api.w.org\/{rel}","templated":true}]}}