{"id":987511805,"date":"2023-04-27T12:23:11","date_gmt":"2023-04-27T16:23:11","guid":{"rendered":"https:\/\/darpro.ca\/shop\/non class\u00e9\/titan-12034-3-8-po-square-drive-a-1-4-po-adaptateur-dimpact-a-changement-rapide-du-lecteur-hexadecimal\/"},"modified":"2024-09-20T10:39:17","modified_gmt":"2024-09-20T14:39:17","slug":"titan-3-8-in-square-drive-to-1-4-in-hex-drive-quick-change-impact-adapter","status":"publish","type":"product","link":"https:\/\/darpro.ca\/fr\/titan-3-8-in-square-drive-to-1-4-in-hex-drive-quick-change-impact-adapter\/","title":{"rendered":"Titan 12034 3\/8 po Square Drive \u00e0 1\/4 po. Adaptateur d\u2019impact \u00e0 changement rapide du lecteur hexad\u00e9cimal"},"content":{"rendered":"<p>L\u2019adaptateur d\u2019impact \u00e0 changement rapide de lecteur hexad\u00e9cimal de 3\/8&nbsp;\u00bb convertit la cl\u00e9 \u00e0 impact \u00e0 entra\u00eenement carr\u00e9 de 3\/8&nbsp;\u00bb en lecteur hexagonal de 1\/4&nbsp;\u00bb. Il dispose d\u2019un collier \u00e0 d\u00e9gagement rapide et est construit en acier chrome molybd\u00e8ne.<\/p>\n","protected":false},"excerpt":{"rendered":"<p>L\u2019adaptateur d\u2019impact \u00e0 changement rapide de lecteur hexad\u00e9cimal de 3\/8&nbsp;\u00bb convertit la cl\u00e9 \u00e0 impact \u00e0 entra\u00eenement carr\u00e9 de 3\/8&nbsp;\u00bb en lecteur hexagonal de 1\/4&nbsp;\u00bb. Il dispose d\u2019un collier \u00e0 d\u00e9gagement rapide et est construit en acier chrome molybd\u00e8ne.<\/p>\n","protected":false},"featured_media":987510887,"comment_status":"open","ping_status":"closed","template":"","meta":{"_et_pb_use_builder":"","_et_pb_old_content":"","_et_gb_content_width":""},"product_brand":[],"product_cat":[162],"product_tag":[185],"class_list":{"0":"post-987511805","1":"product","2":"type-product","3":"status-publish","4":"has-post-thumbnail","6":"product_cat-outils-dentrainement-et-prises-dimpact","7":"product_tag-outils-titan","9":"first","10":"outofstock","11":"taxable","12":"shipping-taxable","13":"product-type-simple"},"jetpack_sharing_enabled":true,"_links":{"self":[{"href":"https:\/\/darpro.ca\/fr\/wp-json\/wp\/v2\/product\/987511805","targetHints":{"allow":["GET"]}}],"collection":[{"href":"https:\/\/darpro.ca\/fr\/wp-json\/wp\/v2\/product"}],"about":[{"href":"https:\/\/darpro.ca\/fr\/wp-json\/wp\/v2\/types\/product"}],"replies":[{"embeddable":true,"href":"https:\/\/darpro.ca\/fr\/wp-json\/wp\/v2\/comments?post=987511805"}],"wp:featuredmedia":[{"embeddable":true,"href":"https:\/\/darpro.ca\/fr\/wp-json\/wp\/v2\/media\/987510887"}],"wp:attachment":[{"href":"https:\/\/darpro.ca\/fr\/wp-json\/wp\/v2\/media?parent=987511805"}],"wp:term":[{"taxonomy":"product_brand","embeddable":true,"href":"https:\/\/darpro.ca\/fr\/wp-json\/wp\/v2\/product_brand?post=987511805"},{"taxonomy":"product_cat","embeddable":true,"href":"https:\/\/darpro.ca\/fr\/wp-json\/wp\/v2\/product_cat?post=987511805"},{"taxonomy":"product_tag","embeddable":true,"href":"https:\/\/darpro.ca\/fr\/wp-json\/wp\/v2\/product_tag?post=987511805"}],"curies":[{"name":"wp","href":"https:\/\/api.w.org\/{rel}","templated":true}]}}