{"id":987511809,"date":"2022-11-17T10:26:11","date_gmt":"2022-11-17T15:26:11","guid":{"rendered":"https:\/\/darpro.ca\/shop\/non%20class\u00e9\/titan-12047-1-2-po-conduisez-30-pouces-barre-de-disjoncteur-de-style-yoke\/"},"modified":"2024-09-20T10:39:23","modified_gmt":"2024-09-20T14:39:23","slug":"titan-barre-de-disjoncteur-prise-1-2-po-de-30-po","status":"publish","type":"product","link":"https:\/\/darpro.ca\/fr\/titan-barre-de-disjoncteur-prise-1-2-po-de-30-po\/","title":{"rendered":"Titan 12047 Prise 1\/2 po Barre de disjoncteur de 30 po"},"content":{"rendered":"<ul>\n<li class=\"\">Prise 1\/2 po t\u00eate pivote \u00e0 180\u00b0<\/li>\n<li class=\"\">Construction robuste en acier au chrome-vanadium<\/li>\n<li class=\"\">Couple maximal : 335 lb-pi (46 kg\/m)<\/li>\n<li class=\"\">Barre chrom\u00e9e et t\u00eate de finition oxyde noire pour r\u00e9sister \u00e0 la corrosion<\/li>\n<\/ul>\n","protected":false},"excerpt":{"rendered":"<p>Prise 1\/2 po t\u00eate pivote \u00e0 180\u00b0 Construction robuste en acier au chrome-vanadium Couple maximal : 335 lb-pi (46 kg\/m) Barre chrom\u00e9e et t\u00eate de finition oxyde noire pour r\u00e9sister \u00e0 la corrosion<\/p>\n","protected":false},"featured_media":987510894,"comment_status":"open","ping_status":"closed","template":"","meta":{"_et_pb_use_builder":"","_et_pb_old_content":"","_et_gb_content_width":""},"product_brand":[],"product_cat":[248,162],"product_tag":[185],"class_list":{"0":"post-987511809","1":"product","2":"type-product","3":"status-publish","4":"has-post-thumbnail","6":"product_cat-barres-de-disjoncteurs","7":"product_cat-outils-dentrainement-et-prises-dimpact","8":"product_tag-outils-titan","10":"first","11":"instock","12":"taxable","13":"shipping-taxable","14":"product-type-simple"},"jetpack_sharing_enabled":true,"_links":{"self":[{"href":"https:\/\/darpro.ca\/fr\/wp-json\/wp\/v2\/product\/987511809","targetHints":{"allow":["GET"]}}],"collection":[{"href":"https:\/\/darpro.ca\/fr\/wp-json\/wp\/v2\/product"}],"about":[{"href":"https:\/\/darpro.ca\/fr\/wp-json\/wp\/v2\/types\/product"}],"replies":[{"embeddable":true,"href":"https:\/\/darpro.ca\/fr\/wp-json\/wp\/v2\/comments?post=987511809"}],"wp:featuredmedia":[{"embeddable":true,"href":"https:\/\/darpro.ca\/fr\/wp-json\/wp\/v2\/media\/987510894"}],"wp:attachment":[{"href":"https:\/\/darpro.ca\/fr\/wp-json\/wp\/v2\/media?parent=987511809"}],"wp:term":[{"taxonomy":"product_brand","embeddable":true,"href":"https:\/\/darpro.ca\/fr\/wp-json\/wp\/v2\/product_brand?post=987511809"},{"taxonomy":"product_cat","embeddable":true,"href":"https:\/\/darpro.ca\/fr\/wp-json\/wp\/v2\/product_cat?post=987511809"},{"taxonomy":"product_tag","embeddable":true,"href":"https:\/\/darpro.ca\/fr\/wp-json\/wp\/v2\/product_tag?post=987511809"}],"curies":[{"name":"wp","href":"https:\/\/api.w.org\/{rel}","templated":true}]}}