{"id":987511810,"date":"2022-11-17T10:27:12","date_gmt":"2022-11-17T15:27:12","guid":{"rendered":"https:\/\/darpro.ca\/shop\/non%20class\u00e9\/titan-12048-3-4-po-lecteur-x-40-pouces-barre-de-disjoncteur-de-style-yoke\/"},"modified":"2024-09-20T10:39:24","modified_gmt":"2024-09-20T14:39:24","slug":"titan-barre-de-force-prise-3-4-po-de-40-po","status":"publish","type":"product","link":"https:\/\/darpro.ca\/fr\/titan-barre-de-force-prise-3-4-po-de-40-po\/","title":{"rendered":"Titan 12048 Prise 3\/4 po Barre de disjoncteur \u00e0 prise 3\/4 po de 40 pouces"},"content":{"rendered":"<p>Construction robuste en acier au chrome-vanadium. Barre chrom\u00e9e et t\u00eate de finition oxyde noir pour r\u00e9sister \u00e0 la corrosion. T\u00eate pivotante 180. Couple maximal : 148 lb-pi (20 kg\/m)<\/p>\n","protected":false},"excerpt":{"rendered":"<p>Construction robuste en acier au chrome-vanadium. Barre chrom\u00e9e et t\u00eate de finition oxyde noir pour r\u00e9sister \u00e0 la corrosion. T\u00eate pivotante 180. Couple maximal : 148 lb-pi (20 kg\/m)<\/p>\n","protected":false},"featured_media":987510895,"comment_status":"open","ping_status":"closed","template":"","meta":{"_et_pb_use_builder":"","_et_pb_old_content":"","_et_gb_content_width":""},"product_brand":[],"product_cat":[248,162],"product_tag":[185],"class_list":{"0":"post-987511810","1":"product","2":"type-product","3":"status-publish","4":"has-post-thumbnail","6":"product_cat-barres-de-disjoncteurs","7":"product_cat-outils-dentrainement-et-prises-dimpact","8":"product_tag-outils-titan","10":"first","11":"instock","12":"taxable","13":"shipping-taxable","14":"product-type-simple"},"jetpack_sharing_enabled":true,"_links":{"self":[{"href":"https:\/\/darpro.ca\/fr\/wp-json\/wp\/v2\/product\/987511810","targetHints":{"allow":["GET"]}}],"collection":[{"href":"https:\/\/darpro.ca\/fr\/wp-json\/wp\/v2\/product"}],"about":[{"href":"https:\/\/darpro.ca\/fr\/wp-json\/wp\/v2\/types\/product"}],"replies":[{"embeddable":true,"href":"https:\/\/darpro.ca\/fr\/wp-json\/wp\/v2\/comments?post=987511810"}],"wp:featuredmedia":[{"embeddable":true,"href":"https:\/\/darpro.ca\/fr\/wp-json\/wp\/v2\/media\/987510895"}],"wp:attachment":[{"href":"https:\/\/darpro.ca\/fr\/wp-json\/wp\/v2\/media?parent=987511810"}],"wp:term":[{"taxonomy":"product_brand","embeddable":true,"href":"https:\/\/darpro.ca\/fr\/wp-json\/wp\/v2\/product_brand?post=987511810"},{"taxonomy":"product_cat","embeddable":true,"href":"https:\/\/darpro.ca\/fr\/wp-json\/wp\/v2\/product_cat?post=987511810"},{"taxonomy":"product_tag","embeddable":true,"href":"https:\/\/darpro.ca\/fr\/wp-json\/wp\/v2\/product_tag?post=987511810"}],"curies":[{"name":"wp","href":"https:\/\/api.w.org\/{rel}","templated":true}]}}