{"id":987511811,"date":"2022-11-20T08:59:54","date_gmt":"2022-11-20T13:59:54","guid":{"rendered":"https:\/\/darpro.ca\/shop\/non class\u00e9\/gp-01-meuleuse-de-forets-pour-2mm-13mm-twist-drill-re-affutage-angle-de-point-90-140-reglable\/"},"modified":"2024-09-20T10:42:36","modified_gmt":"2024-09-20T14:42:36","slug":"gp-drill-bit-meuleuse-pour-2mm-13mm-twist-drill-re-sharpening-point-angle-90-140-reglable","status":"publish","type":"product","link":"https:\/\/darpro.ca\/fr\/gp-drill-bit-meuleuse-pour-2mm-13mm-twist-drill-re-sharpening-point-angle-90-140-reglable\/","title":{"rendered":"GP-01 Meuleuse de forets pour 2mm &#8211; 13mm Twist Drill Re-aff\u00fbtage, angle de point 90 \u00b0 &#8211; 140 \u00b0 r\u00e9glable"},"content":{"rendered":"<p><strong>Fonctionnalit\u00e9s:<\/strong><\/p>\n<ul>\n<li>Facile \u00e0 utiliser avec la possibilit\u00e9 de r\u00e9aff\u00fbter un foret en 10 secondes<\/li>\n<li>R\u00e9sultats de rectification de forage tr\u00e8s pr\u00e9cis et pr\u00e9cision \u00e0 0,02 mm pr\u00e8s<\/li>\n<li>Collets en acier alli\u00e9 sp\u00e9cialement con\u00e7us pour un serrage de pr\u00e9cision et un alignement optimal<\/li>\n<li>Moteur \u00e0 courant continu tr\u00e8s efficace et fiable (5300 R.P.M.)<\/li>\n<li>Meule \u00e0 poussi\u00e8re diamant\u00e9e GE de qualit\u00e9 constante (CBN #200)<\/li>\n<li>Bo\u00eete \u00e0 outils \u00ab invisible \u00bb int\u00e9gr\u00e9e pour ranger les pinces<\/li>\n<li>Compl\u00e8tement portable.<\/li>\n<li>Poids: N.W 7kg, G.W. 8kg<\/li>\n<li>Dimensions: L: 288mm L: 133mm H: 155mm<\/li>\n<\/ul>\n","protected":false},"excerpt":{"rendered":"<p>Fonctionnalit\u00e9s: Facile \u00e0 utiliser avec la possibilit\u00e9 de r\u00e9aff\u00fbter un foret en 10 secondes R\u00e9sultats de rectification de forage tr\u00e8s pr\u00e9cis et pr\u00e9cision \u00e0 0,02 mm pr\u00e8s Collets en acier alli\u00e9 sp\u00e9cialement con\u00e7us pour un serrage de pr\u00e9cision et un alignement optimal Moteur \u00e0 courant continu tr\u00e8s efficace et fiable (5300 R.P.M.) Meule \u00e0 poussi\u00e8re [&hellip;]<\/p>\n","protected":false},"featured_media":987510726,"comment_status":"open","ping_status":"closed","template":"","meta":{"_et_pb_use_builder":"","_et_pb_old_content":"","_et_gb_content_width":""},"product_brand":[],"product_cat":[250,251],"product_tag":[252],"class_list":{"0":"post-987511811","1":"product","2":"type-product","3":"status-publish","4":"has-post-thumbnail","6":"product_cat-meuleuse-de-forets","7":"product_cat-outils-gp","8":"product_tag-gp-tools-fr","10":"first","11":"outofstock","12":"taxable","13":"shipping-taxable","14":"product-type-simple"},"jetpack_sharing_enabled":true,"_links":{"self":[{"href":"https:\/\/darpro.ca\/fr\/wp-json\/wp\/v2\/product\/987511811","targetHints":{"allow":["GET"]}}],"collection":[{"href":"https:\/\/darpro.ca\/fr\/wp-json\/wp\/v2\/product"}],"about":[{"href":"https:\/\/darpro.ca\/fr\/wp-json\/wp\/v2\/types\/product"}],"replies":[{"embeddable":true,"href":"https:\/\/darpro.ca\/fr\/wp-json\/wp\/v2\/comments?post=987511811"}],"wp:featuredmedia":[{"embeddable":true,"href":"https:\/\/darpro.ca\/fr\/wp-json\/wp\/v2\/media\/987510726"}],"wp:attachment":[{"href":"https:\/\/darpro.ca\/fr\/wp-json\/wp\/v2\/media?parent=987511811"}],"wp:term":[{"taxonomy":"product_brand","embeddable":true,"href":"https:\/\/darpro.ca\/fr\/wp-json\/wp\/v2\/product_brand?post=987511811"},{"taxonomy":"product_cat","embeddable":true,"href":"https:\/\/darpro.ca\/fr\/wp-json\/wp\/v2\/product_cat?post=987511811"},{"taxonomy":"product_tag","embeddable":true,"href":"https:\/\/darpro.ca\/fr\/wp-json\/wp\/v2\/product_tag?post=987511811"}],"curies":[{"name":"wp","href":"https:\/\/api.w.org\/{rel}","templated":true}]}}