{"id":987511813,"date":"2022-11-20T09:03:24","date_gmt":"2022-11-20T14:03:24","guid":{"rendered":"https:\/\/darpro.ca\/shop\/non class\u00e9\/gp-20-meuleuse-de-forets-pour-2mm-20mm-twist-drill-re-affutage-angle-de-point-90-140-reglable\/"},"modified":"2024-09-20T10:42:36","modified_gmt":"2024-09-20T14:42:36","slug":"gp-drill-bit-meuleuse-pour-2-5mm-20mm-twist-drill-re-sharpening-point-angle-90-140-reglable","status":"publish","type":"product","link":"https:\/\/darpro.ca\/fr\/gp-drill-bit-meuleuse-pour-2-5mm-20mm-twist-drill-re-sharpening-point-angle-90-140-reglable\/","title":{"rendered":"GP-20 Meuleuse de forets pour 2mm &#8211; 20mm Twist Drill Re-aff\u00fbtage, angle de point 90 \u00b0 &#8211; 140 \u00b0 r\u00e9glable"},"content":{"rendered":"<p><strong>Accessoires standard<\/strong><\/p>\n<table class=\"tbl_GP-20\" style=\"height: 230px;\">\n<tbody>\n<tr style=\"height: 23px;\">\n<td style=\"height: 46px; width: 123px;\" rowspan=\"2\">Meule<\/td>\n<td style=\"height: 23px; width: 285.672px;\">1pce GS-1 CBN (c\u00f4t\u00e9 droit, pr\u00eat \u00e0 monter)<\/td>\n<\/tr>\n<tr style=\"height: 23px;\">\n<td style=\"height: 23px; width: 285.672px;\">1pce GS-20 CBN (c\u00f4t\u00e9 gauche, pr\u00eat \u00e0 monter)<\/td>\n<\/tr>\n<tr style=\"height: 23px;\">\n<td class=\"tbl_bgrd\" style=\"height: 23px; width: 123px;\">Collet ER20<\/td>\n<td class=\"tbl_bgrd\" style=\"height: 23px; width: 285.672px;\">12pces 2.5 mm &#8211; 13 mm (c\u00f4t\u00e9 droit)<\/td>\n<\/tr>\n<tr style=\"height: 23px;\">\n<td style=\"height: 23px; width: 123px;\">Collet ER25<\/td>\n<td style=\"height: 23px; width: 285.672px;\">7pces 14 mm &#8211; 20 mm (c\u00f4t\u00e9 gauche)<\/td>\n<\/tr>\n<tr style=\"height: 23px;\">\n<td class=\"tbl_bgrd\" style=\"height: 23px; width: 123px;\">Porte-pince ER20<\/td>\n<td class=\"tbl_bgrd\" style=\"height: 23px; width: 285.672px;\">1 set (2pces)<\/td>\n<\/tr>\n<tr style=\"height: 23px;\">\n<td style=\"height: 23px; width: 123px;\">Porte-pince ER25<\/td>\n<td style=\"height: 23px; width: 285.672px;\">1 set (2pces)<\/td>\n<\/tr>\n<tr style=\"height: 23px;\">\n<td class=\"tbl_bgrd\" style=\"height: 23px; width: 123px;\">Cl\u00e9<\/td>\n<td class=\"tbl_bgrd\" style=\"height: 23px; width: 285.672px;\">1pc M3, 1pc M4<\/td>\n<\/tr>\n<tr style=\"height: 23px;\">\n<td style=\"height: 46px; width: 123px;\" rowspan=\"2\">Shim<\/td>\n<td style=\"height: 23px; width: 285.672px;\">2pces 0.1t<\/td>\n<\/tr>\n<tr style=\"height: 23px;\">\n<td style=\"height: 23px; width: 285.672px;\">1PCE 0.3t<\/td>\n<\/tr>\n<tr style=\"height: 23px;\">\n<td class=\"tbl_bgrd\" style=\"height: 23px; width: 123px;\">D\u00e9poussi\u00e9reur<\/td>\n<td class=\"tbl_bgrd\" style=\"height: 23px; width: 285.672px;\">2pces &#8211; C\u00f4t\u00e9 droit et c\u00f4t\u00e9 gauche<\/td>\n<\/tr>\n<\/tbody>\n<\/table>\n","protected":false},"excerpt":{"rendered":"<p>Accessoires standard Meule 1pce GS-1 CBN (c\u00f4t\u00e9 droit, pr\u00eat \u00e0 monter) 1pce GS-20 CBN (c\u00f4t\u00e9 gauche, pr\u00eat \u00e0 monter) Collet ER20 12pces 2.5 mm &#8211; 13 mm (c\u00f4t\u00e9 droit) Collet ER25 7pces 14 mm &#8211; 20 mm (c\u00f4t\u00e9 gauche) Porte-pince ER20 1 set (2pces) Porte-pince ER25 1 set (2pces) Cl\u00e9 1pc M3, 1pc M4 Shim [&hellip;]<\/p>\n","protected":false},"featured_media":987510727,"comment_status":"open","ping_status":"closed","template":"","meta":{"_et_pb_use_builder":"","_et_pb_old_content":"","_et_gb_content_width":""},"product_brand":[],"product_cat":[250,251],"product_tag":[252],"class_list":{"0":"post-987511813","1":"product","2":"type-product","3":"status-publish","4":"has-post-thumbnail","6":"product_cat-meuleuse-de-forets","7":"product_cat-outils-gp","8":"product_tag-gp-tools-fr","10":"first","11":"outofstock","12":"taxable","13":"shipping-taxable","14":"product-type-simple"},"jetpack_sharing_enabled":true,"_links":{"self":[{"href":"https:\/\/darpro.ca\/fr\/wp-json\/wp\/v2\/product\/987511813","targetHints":{"allow":["GET"]}}],"collection":[{"href":"https:\/\/darpro.ca\/fr\/wp-json\/wp\/v2\/product"}],"about":[{"href":"https:\/\/darpro.ca\/fr\/wp-json\/wp\/v2\/types\/product"}],"replies":[{"embeddable":true,"href":"https:\/\/darpro.ca\/fr\/wp-json\/wp\/v2\/comments?post=987511813"}],"wp:featuredmedia":[{"embeddable":true,"href":"https:\/\/darpro.ca\/fr\/wp-json\/wp\/v2\/media\/987510727"}],"wp:attachment":[{"href":"https:\/\/darpro.ca\/fr\/wp-json\/wp\/v2\/media?parent=987511813"}],"wp:term":[{"taxonomy":"product_brand","embeddable":true,"href":"https:\/\/darpro.ca\/fr\/wp-json\/wp\/v2\/product_brand?post=987511813"},{"taxonomy":"product_cat","embeddable":true,"href":"https:\/\/darpro.ca\/fr\/wp-json\/wp\/v2\/product_cat?post=987511813"},{"taxonomy":"product_tag","embeddable":true,"href":"https:\/\/darpro.ca\/fr\/wp-json\/wp\/v2\/product_tag?post=987511813"}],"curies":[{"name":"wp","href":"https:\/\/api.w.org\/{rel}","templated":true}]}}