{"id":987511814,"date":"2022-11-17T10:36:12","date_gmt":"2022-11-17T15:36:12","guid":{"rendered":"https:\/\/darpro.ca\/shop\/non%20class\u00e9\/titan-12070-3-8-po-cliquet-extensible-dentrainement\/"},"modified":"2024-09-20T10:39:26","modified_gmt":"2024-09-20T14:39:26","slug":"titan-rochet-extensible-prise-3-8-po","status":"publish","type":"product","link":"https:\/\/darpro.ca\/fr\/titan-rochet-extensible-prise-3-8-po\/","title":{"rendered":"Titan 12070 Rochet extensible \u00e0 prise 3\/8 po"},"content":{"rendered":"<p>Acier au chrome vanadium. T\u00eate du rochet \u00e0 d\u00e9gagement rapide. Poign\u00e9e ergonomique antid\u00e9rapante. S&rsquo;ajuste de 19-1\/2 po \u00e0 30-1\/4 po par incr\u00e9ments de 5.<\/p>\n","protected":false},"excerpt":{"rendered":"<p>Acier au chrome vanadium. T\u00eate du rochet \u00e0 d\u00e9gagement rapide. Poign\u00e9e ergonomique antid\u00e9rapante. S&rsquo;ajuste de 19-1\/2 po \u00e0 30-1\/4 po par incr\u00e9ments de 5.<\/p>\n","protected":false},"featured_media":987510897,"comment_status":"open","ping_status":"closed","template":"","meta":{"_et_pb_use_builder":"","_et_pb_old_content":"","_et_gb_content_width":""},"product_brand":[],"product_cat":[172,253],"product_tag":[185],"class_list":{"0":"post-987511814","1":"product","2":"type-product","3":"status-publish","4":"has-post-thumbnail","6":"product_cat-cliquets","7":"product_cat-ratchet-extensible","8":"product_tag-outils-titan","10":"first","11":"outofstock","12":"taxable","13":"shipping-taxable","14":"product-type-simple"},"jetpack_sharing_enabled":true,"_links":{"self":[{"href":"https:\/\/darpro.ca\/fr\/wp-json\/wp\/v2\/product\/987511814","targetHints":{"allow":["GET"]}}],"collection":[{"href":"https:\/\/darpro.ca\/fr\/wp-json\/wp\/v2\/product"}],"about":[{"href":"https:\/\/darpro.ca\/fr\/wp-json\/wp\/v2\/types\/product"}],"replies":[{"embeddable":true,"href":"https:\/\/darpro.ca\/fr\/wp-json\/wp\/v2\/comments?post=987511814"}],"wp:featuredmedia":[{"embeddable":true,"href":"https:\/\/darpro.ca\/fr\/wp-json\/wp\/v2\/media\/987510897"}],"wp:attachment":[{"href":"https:\/\/darpro.ca\/fr\/wp-json\/wp\/v2\/media?parent=987511814"}],"wp:term":[{"taxonomy":"product_brand","embeddable":true,"href":"https:\/\/darpro.ca\/fr\/wp-json\/wp\/v2\/product_brand?post=987511814"},{"taxonomy":"product_cat","embeddable":true,"href":"https:\/\/darpro.ca\/fr\/wp-json\/wp\/v2\/product_cat?post=987511814"},{"taxonomy":"product_tag","embeddable":true,"href":"https:\/\/darpro.ca\/fr\/wp-json\/wp\/v2\/product_tag?post=987511814"}],"curies":[{"name":"wp","href":"https:\/\/api.w.org\/{rel}","templated":true}]}}