{"id":987511815,"date":"2022-11-20T09:06:57","date_gmt":"2022-11-20T14:06:57","guid":{"rendered":"https:\/\/darpro.ca\/shop\/non class\u00e9\/aiguiseur-de-precision-gp-25-pour-forets-o-3-26mm-angle-de-point-90-140\/"},"modified":"2024-09-20T10:42:38","modified_gmt":"2024-09-20T14:42:38","slug":"gp-precision-drill-sharpener-gp-25-for-drill-bits-o-326mm-point-angle-90-140","status":"publish","type":"product","link":"https:\/\/darpro.ca\/fr\/gp-precision-drill-sharpener-gp-25-for-drill-bits-o-326mm-point-angle-90-140\/","title":{"rendered":"Aiguiseur de pr\u00e9cision GP-25 pour forets \u00f8 3 ~ 26mm Angle de point 90 \u00b0-140 \u00b0"},"content":{"rendered":"<p><strong>Fonctionnalit\u00e9s:<\/strong><\/p>\n<ul>\n<li>Facile \u00e0 utiliser avec la possibilit\u00e9 de r\u00e9aff\u00fbter un foret en 10 secondes<\/li>\n<li>Pour un meulage de pr\u00e9cision facile, rapide et pr\u00e9cis des forets<\/li>\n<li>Conception pratique avec plateau \u00e0 outils int\u00e9gr\u00e9 pour les pinces<\/li>\n<li>Moteur \u00e0 courant continu tr\u00e8s efficace et fiable<\/li>\n<li>Raccordement pour l\u2019extraction des poussi\u00e8res<\/li>\n<li>Poids net: 22 kg<\/li>\n<li>Dimensions: L: 365mm L: 223mm<\/li>\n<\/ul>\n<p><strong>Inclus:<\/strong><\/p>\n<ul>\n<li>Meule diamant\u00e9e CBN 200 grain pour perceuses HSS<\/li>\n<li>5 pcs ER16 Collets 3-7 mm avec 1 pc Adaptateur<\/li>\n<li>19 pcs ER32 Collets 8-26 mm<\/li>\n<li>Porte-pince<\/li>\n<li>Cl\u00e9s<\/li>\n<li>Instructions<\/li>\n<li>DVD (anglais)<\/li>\n<\/ul>\n","protected":false},"excerpt":{"rendered":"<p>Fonctionnalit\u00e9s: Facile \u00e0 utiliser avec la possibilit\u00e9 de r\u00e9aff\u00fbter un foret en 10 secondes Pour un meulage de pr\u00e9cision facile, rapide et pr\u00e9cis des forets Conception pratique avec plateau \u00e0 outils int\u00e9gr\u00e9 pour les pinces Moteur \u00e0 courant continu tr\u00e8s efficace et fiable Raccordement pour l\u2019extraction des poussi\u00e8res Poids net: 22 kg Dimensions: L: 365mm [&hellip;]<\/p>\n","protected":false},"featured_media":987510729,"comment_status":"open","ping_status":"closed","template":"","meta":{"_et_pb_use_builder":"","_et_pb_old_content":"","_et_gb_content_width":""},"product_brand":[],"product_cat":[250,251],"product_tag":[252],"class_list":{"0":"post-987511815","1":"product","2":"type-product","3":"status-publish","4":"has-post-thumbnail","6":"product_cat-meuleuse-de-forets","7":"product_cat-outils-gp","8":"product_tag-gp-tools-fr","10":"first","11":"instock","12":"taxable","13":"shipping-taxable","14":"product-type-simple"},"jetpack_sharing_enabled":true,"_links":{"self":[{"href":"https:\/\/darpro.ca\/fr\/wp-json\/wp\/v2\/product\/987511815","targetHints":{"allow":["GET"]}}],"collection":[{"href":"https:\/\/darpro.ca\/fr\/wp-json\/wp\/v2\/product"}],"about":[{"href":"https:\/\/darpro.ca\/fr\/wp-json\/wp\/v2\/types\/product"}],"replies":[{"embeddable":true,"href":"https:\/\/darpro.ca\/fr\/wp-json\/wp\/v2\/comments?post=987511815"}],"wp:featuredmedia":[{"embeddable":true,"href":"https:\/\/darpro.ca\/fr\/wp-json\/wp\/v2\/media\/987510729"}],"wp:attachment":[{"href":"https:\/\/darpro.ca\/fr\/wp-json\/wp\/v2\/media?parent=987511815"}],"wp:term":[{"taxonomy":"product_brand","embeddable":true,"href":"https:\/\/darpro.ca\/fr\/wp-json\/wp\/v2\/product_brand?post=987511815"},{"taxonomy":"product_cat","embeddable":true,"href":"https:\/\/darpro.ca\/fr\/wp-json\/wp\/v2\/product_cat?post=987511815"},{"taxonomy":"product_tag","embeddable":true,"href":"https:\/\/darpro.ca\/fr\/wp-json\/wp\/v2\/product_tag?post=987511815"}],"curies":[{"name":"wp","href":"https:\/\/api.w.org\/{rel}","templated":true}]}}