{"id":987511817,"date":"2023-04-27T12:23:10","date_gmt":"2023-04-27T16:23:10","guid":{"rendered":"https:\/\/darpro.ca\/shop\/non class\u00e9\/titan-11050-1-4-po-et-3-8-po-cliquet-dentrainement-a-double-tete\/"},"modified":"2024-09-20T10:38:48","modified_gmt":"2024-09-20T14:38:48","slug":"titan-1-4-dans-et-3-8-dans-lecteur-double-tete-stubby-cliquet","status":"publish","type":"product","link":"https:\/\/darpro.ca\/fr\/titan-1-4-dans-et-3-8-dans-lecteur-double-tete-stubby-cliquet\/","title":{"rendered":"Titan 11050 1\/4 po et 3\/8 po. Cliquet d\u2019entra\u00eenement \u00e0 double t\u00eate"},"content":{"rendered":"<ul>\n<li>C\u2019est comme avoir 2 cliquets dans oine<\/li>\n<li>Le m\u00e9canisme \u00e0 cliquet \u00e0 72 dents s\u2019engage avec seulement 5 degr\u00e9s de balayage pour travailler dans les espaces les plus restreints<\/li>\n<li>Poign\u00e9e de poign\u00e9e de coussin profil\u00e9e<\/li>\n<\/ul>\n","protected":false},"excerpt":{"rendered":"<p>C\u2019est comme avoir 2 cliquets dans oine Le m\u00e9canisme \u00e0 cliquet \u00e0 72 dents s\u2019engage avec seulement 5 degr\u00e9s de balayage pour travailler dans les espaces les plus restreints Poign\u00e9e de poign\u00e9e de coussin profil\u00e9e<\/p>\n","protected":false},"featured_media":987510821,"comment_status":"open","ping_status":"closed","template":"","meta":{"_et_pb_use_builder":"","_et_pb_old_content":"","_et_gb_content_width":""},"product_brand":[],"product_cat":[172],"product_tag":[185],"class_list":{"0":"post-987511817","1":"product","2":"type-product","3":"status-publish","4":"has-post-thumbnail","6":"product_cat-cliquets","7":"product_tag-outils-titan","9":"first","10":"outofstock","11":"taxable","12":"shipping-taxable","13":"product-type-simple"},"jetpack_sharing_enabled":true,"_links":{"self":[{"href":"https:\/\/darpro.ca\/fr\/wp-json\/wp\/v2\/product\/987511817","targetHints":{"allow":["GET"]}}],"collection":[{"href":"https:\/\/darpro.ca\/fr\/wp-json\/wp\/v2\/product"}],"about":[{"href":"https:\/\/darpro.ca\/fr\/wp-json\/wp\/v2\/types\/product"}],"replies":[{"embeddable":true,"href":"https:\/\/darpro.ca\/fr\/wp-json\/wp\/v2\/comments?post=987511817"}],"wp:featuredmedia":[{"embeddable":true,"href":"https:\/\/darpro.ca\/fr\/wp-json\/wp\/v2\/media\/987510821"}],"wp:attachment":[{"href":"https:\/\/darpro.ca\/fr\/wp-json\/wp\/v2\/media?parent=987511817"}],"wp:term":[{"taxonomy":"product_brand","embeddable":true,"href":"https:\/\/darpro.ca\/fr\/wp-json\/wp\/v2\/product_brand?post=987511817"},{"taxonomy":"product_cat","embeddable":true,"href":"https:\/\/darpro.ca\/fr\/wp-json\/wp\/v2\/product_cat?post=987511817"},{"taxonomy":"product_tag","embeddable":true,"href":"https:\/\/darpro.ca\/fr\/wp-json\/wp\/v2\/product_tag?post=987511817"}],"curies":[{"name":"wp","href":"https:\/\/api.w.org\/{rel}","templated":true}]}}