{"id":987511818,"date":"2022-11-17T10:37:12","date_gmt":"2022-11-17T15:37:12","guid":{"rendered":"https:\/\/darpro.ca\/shop\/non%20class\u00e9\/titan-12073-1-2-po-cliquet-extensible-dentrainement\/"},"modified":"2024-09-20T10:39:28","modified_gmt":"2024-09-20T14:39:28","slug":"titan-rochet-extensible-xl-prise-1-2-po","status":"publish","type":"product","link":"https:\/\/darpro.ca\/fr\/titan-rochet-extensible-xl-prise-1-2-po\/","title":{"rendered":"Titan 12073 Rochet extensible de 18 \u00e0 24 po \u00e0 prise 1\/2 po"},"content":{"rendered":"<ul>\n<li class=\"\">Rochet extensible de 18 \u00e0 24 po \u00e0 prise 1\/2 po<\/li>\n<li class=\"\">S&rsquo;ajuste de 18 \u00e0 24 po par incr\u00e9ments de 5.<\/li>\n<li class=\"\">D\u00e9clenchement rapide du bouton-poussoir<\/li>\n<li class=\"\">Acier au chrome-vanadium<\/li>\n<li class=\"\">Poign\u00e9e ergonomique antid\u00e9rapante<\/li>\n<\/ul>\n<p class=\"\">Ce rochet est plus polyvalent que la plupart de sa cat\u00e9gorie. Capacit\u00e9 d&rsquo;ajustement en 5 incr\u00e9ments, bouton-poussoir \u00e0 d\u00e9gagement rapide, acier chrom\u00e9 vanadium et poign\u00e9e profil\u00e9e. Un outil essentiel dans votre bo\u00eete \u00e0 outils.<\/p>\n","protected":false},"excerpt":{"rendered":"<p>Rochet extensible de 18 \u00e0 24 po \u00e0 prise 1\/2 po S&rsquo;ajuste de 18 \u00e0 24 po par incr\u00e9ments de 5. D\u00e9clenchement rapide du bouton-poussoir Acier au chrome-vanadium Poign\u00e9e ergonomique antid\u00e9rapante Ce rochet est plus polyvalent que la plupart de sa cat\u00e9gorie. Capacit\u00e9 d&rsquo;ajustement en 5 incr\u00e9ments, bouton-poussoir \u00e0 d\u00e9gagement rapide, acier chrom\u00e9 vanadium et [&hellip;]<\/p>\n","protected":false},"featured_media":987510900,"comment_status":"open","ping_status":"closed","template":"","meta":{"_et_pb_use_builder":"","_et_pb_old_content":"","_et_gb_content_width":""},"product_brand":[],"product_cat":[172,253],"product_tag":[185],"class_list":{"0":"post-987511818","1":"product","2":"type-product","3":"status-publish","4":"has-post-thumbnail","6":"product_cat-cliquets","7":"product_cat-ratchet-extensible","8":"product_tag-outils-titan","10":"first","11":"instock","12":"taxable","13":"shipping-taxable","14":"product-type-simple"},"jetpack_sharing_enabled":true,"_links":{"self":[{"href":"https:\/\/darpro.ca\/fr\/wp-json\/wp\/v2\/product\/987511818","targetHints":{"allow":["GET"]}}],"collection":[{"href":"https:\/\/darpro.ca\/fr\/wp-json\/wp\/v2\/product"}],"about":[{"href":"https:\/\/darpro.ca\/fr\/wp-json\/wp\/v2\/types\/product"}],"replies":[{"embeddable":true,"href":"https:\/\/darpro.ca\/fr\/wp-json\/wp\/v2\/comments?post=987511818"}],"wp:featuredmedia":[{"embeddable":true,"href":"https:\/\/darpro.ca\/fr\/wp-json\/wp\/v2\/media\/987510900"}],"wp:attachment":[{"href":"https:\/\/darpro.ca\/fr\/wp-json\/wp\/v2\/media?parent=987511818"}],"wp:term":[{"taxonomy":"product_brand","embeddable":true,"href":"https:\/\/darpro.ca\/fr\/wp-json\/wp\/v2\/product_brand?post=987511818"},{"taxonomy":"product_cat","embeddable":true,"href":"https:\/\/darpro.ca\/fr\/wp-json\/wp\/v2\/product_cat?post=987511818"},{"taxonomy":"product_tag","embeddable":true,"href":"https:\/\/darpro.ca\/fr\/wp-json\/wp\/v2\/product_tag?post=987511818"}],"curies":[{"name":"wp","href":"https:\/\/api.w.org\/{rel}","templated":true}]}}