{"id":987511819,"date":"2022-11-17T10:38:12","date_gmt":"2022-11-17T15:38:12","guid":{"rendered":"https:\/\/darpro.ca\/shop\/non%20class\u00e9\/titan-12074-1-2-po-cliquet-extensible-dentrainement\/"},"modified":"2024-09-20T10:39:28","modified_gmt":"2024-09-20T14:39:28","slug":"titan-rochet-extensible-de-12-a-17-1-2-po-prise-1-2-po","status":"publish","type":"product","link":"https:\/\/darpro.ca\/fr\/titan-rochet-extensible-de-12-a-17-1-2-po-prise-1-2-po\/","title":{"rendered":"Titan 12074 Rochet extensible de 12 \u00e0 17 1\/2 po \u00e0 prise 1\/2 po"},"content":{"rendered":"<p>Rochet extensible de 12 \u00e0 17-1\/2 po \u00e0 prise 1\/2 po. Poign\u00e9e t\u00e9lescopique avec au moins 5 arr\u00eats incr\u00e9mentiels. Acier au chrome vanadium. Poign\u00e9e ergonomique antid\u00e9rapante. D\u00e9clenchement rapide du bouton-poussoir.<\/p>\n","protected":false},"excerpt":{"rendered":"<p>Rochet extensible de 12 \u00e0 17-1\/2 po \u00e0 prise 1\/2 po. Poign\u00e9e t\u00e9lescopique avec au moins 5 arr\u00eats incr\u00e9mentiels. Acier au chrome vanadium. Poign\u00e9e ergonomique antid\u00e9rapante. D\u00e9clenchement rapide du bouton-poussoir.<\/p>\n","protected":false},"featured_media":987510901,"comment_status":"open","ping_status":"closed","template":"","meta":{"_et_pb_use_builder":"","_et_pb_old_content":"","_et_gb_content_width":""},"product_brand":[],"product_cat":[172,253],"product_tag":[185],"class_list":{"0":"post-987511819","1":"product","2":"type-product","3":"status-publish","4":"has-post-thumbnail","6":"product_cat-cliquets","7":"product_cat-ratchet-extensible","8":"product_tag-outils-titan","10":"first","11":"instock","12":"taxable","13":"shipping-taxable","14":"product-type-simple"},"jetpack_sharing_enabled":true,"_links":{"self":[{"href":"https:\/\/darpro.ca\/fr\/wp-json\/wp\/v2\/product\/987511819","targetHints":{"allow":["GET"]}}],"collection":[{"href":"https:\/\/darpro.ca\/fr\/wp-json\/wp\/v2\/product"}],"about":[{"href":"https:\/\/darpro.ca\/fr\/wp-json\/wp\/v2\/types\/product"}],"replies":[{"embeddable":true,"href":"https:\/\/darpro.ca\/fr\/wp-json\/wp\/v2\/comments?post=987511819"}],"wp:featuredmedia":[{"embeddable":true,"href":"https:\/\/darpro.ca\/fr\/wp-json\/wp\/v2\/media\/987510901"}],"wp:attachment":[{"href":"https:\/\/darpro.ca\/fr\/wp-json\/wp\/v2\/media?parent=987511819"}],"wp:term":[{"taxonomy":"product_brand","embeddable":true,"href":"https:\/\/darpro.ca\/fr\/wp-json\/wp\/v2\/product_brand?post=987511819"},{"taxonomy":"product_cat","embeddable":true,"href":"https:\/\/darpro.ca\/fr\/wp-json\/wp\/v2\/product_cat?post=987511819"},{"taxonomy":"product_tag","embeddable":true,"href":"https:\/\/darpro.ca\/fr\/wp-json\/wp\/v2\/product_tag?post=987511819"}],"curies":[{"name":"wp","href":"https:\/\/api.w.org\/{rel}","templated":true}]}}