{"id":987511820,"date":"2022-11-17T10:49:12","date_gmt":"2022-11-17T15:49:12","guid":{"rendered":"https:\/\/darpro.ca\/shop\/non class\u00e9\/titan-16013-10-pc-extracteur-a-vis-foret-gauche\/"},"modified":"2024-09-20T10:39:41","modified_gmt":"2024-09-20T14:39:41","slug":"titan-10-pc-extracteur-vis-foret-gauche-foret","status":"publish","type":"product","link":"https:\/\/darpro.ca\/fr\/titan-10-pc-extracteur-vis-foret-gauche-foret\/","title":{"rendered":"Titan 16013 10 pc. Extracteur \u00e0 vis\/foret gauche"},"content":{"rendered":"<p>Extension, 5 pcs multi-cannel\u00e9s, extracteur \u00e0 vis en acier alli\u00e9 usin\u00e9. Tailles #1-5, retirez facilement les vis cass\u00e9es, 5 pcs forets en cobalt gauche. Tailles: 5\/64, 7\/64, 5\/32, 1\/4, 19\/64, bo\u00eete de rangement en m\u00e9tal incluse.<\/p>\n","protected":false},"excerpt":{"rendered":"<p>Extension, 5 pcs multi-cannel\u00e9s, extracteur \u00e0 vis en acier alli\u00e9 usin\u00e9. Tailles #1-5, retirez facilement les vis cass\u00e9es, 5 pcs forets en cobalt gauche. Tailles: 5\/64, 7\/64, 5\/32, 1\/4, 19\/64, bo\u00eete de rangement en m\u00e9tal incluse.<\/p>\n","protected":false},"featured_media":987510908,"comment_status":"open","ping_status":"closed","template":"","meta":{"_et_pb_use_builder":"","_et_pb_old_content":"","_et_gb_content_width":""},"product_brand":[],"product_cat":[169],"product_tag":[185],"class_list":{"0":"post-987511820","1":"product","2":"type-product","3":"status-publish","4":"has-post-thumbnail","6":"product_cat-accessoires-pour-outils-electriques","7":"product_tag-outils-titan","9":"first","10":"instock","11":"taxable","12":"shipping-taxable","13":"product-type-simple"},"jetpack_sharing_enabled":true,"_links":{"self":[{"href":"https:\/\/darpro.ca\/fr\/wp-json\/wp\/v2\/product\/987511820","targetHints":{"allow":["GET"]}}],"collection":[{"href":"https:\/\/darpro.ca\/fr\/wp-json\/wp\/v2\/product"}],"about":[{"href":"https:\/\/darpro.ca\/fr\/wp-json\/wp\/v2\/types\/product"}],"replies":[{"embeddable":true,"href":"https:\/\/darpro.ca\/fr\/wp-json\/wp\/v2\/comments?post=987511820"}],"wp:featuredmedia":[{"embeddable":true,"href":"https:\/\/darpro.ca\/fr\/wp-json\/wp\/v2\/media\/987510908"}],"wp:attachment":[{"href":"https:\/\/darpro.ca\/fr\/wp-json\/wp\/v2\/media?parent=987511820"}],"wp:term":[{"taxonomy":"product_brand","embeddable":true,"href":"https:\/\/darpro.ca\/fr\/wp-json\/wp\/v2\/product_brand?post=987511820"},{"taxonomy":"product_cat","embeddable":true,"href":"https:\/\/darpro.ca\/fr\/wp-json\/wp\/v2\/product_cat?post=987511820"},{"taxonomy":"product_tag","embeddable":true,"href":"https:\/\/darpro.ca\/fr\/wp-json\/wp\/v2\/product_tag?post=987511820"}],"curies":[{"name":"wp","href":"https:\/\/api.w.org\/{rel}","templated":true}]}}